{"id":16133,"date":"2024-02-12T16:00:58","date_gmt":"2024-02-12T16:00:58","guid":{"rendered":"https:\/\/ajur.lt\/?page_id=16133"},"modified":"2024-02-13T18:29:15","modified_gmt":"2024-02-13T18:29:15","slug":"pirkimo-taisykles","status":"publish","type":"page","link":"https:\/\/ajur.lt\/index.php\/pirkimo-taisykles\/","title":{"rendered":"Pirkimo taisykl\u0117s"},"content":{"rendered":"\t\t<div data-elementor-type=\"wp-page\" data-elementor-id=\"16133\" class=\"elementor elementor-16133\">\n\t\t\t\t<div class=\"wd-negative-gap elementor-element elementor-element-f43a55c e-flex e-con-boxed e-con e-parent\" data-id=\"f43a55c\" data-element_type=\"container\">\n\t\t\t\t\t<div class=\"e-con-inner\">\n\t\t\t\t<div class=\"elementor-element elementor-element-fffa4ee color-scheme-inherit text-left elementor-widget elementor-widget-text-editor\" data-id=\"fffa4ee\" data-element_type=\"widget\" data-widget_type=\"text-editor.default\">\n\t\t\t\t<div class=\"elementor-widget-container\">\n\t\t\t\t\t\t\t\t\t<h2>Preki\u0173 pirkimo \u2013 pardavimo elektronin\u0117je parduotuv\u0117je taisykl\u0117s<\/h2><p><b>1. S\u0105vokos<\/b><\/p><ul><li><b>Pardav\u0117jas \u2013\u00a0<\/b>elektronin\u0117 parduotuv\u0117 ajur.lt<\/li><li><b>Pirk\u0117jas\u00a0<\/b>\u2013 fizinis ar juridinis asmuo perkantis prekes ajur.lt elektronin\u0117je parduotuv\u0117je.<\/li><\/ul><p><b>2. Bendrosios nuostatos<\/b><\/p><p>2.1. Pirk\u0117jas patvirtina Taisykles su jomis susipa\u017ein\u0119s bei pa\u017eym\u0117j\u0119s varnel\u0119 prie teiginio \u201eSusipa\u017einau su preki\u0173 pirkimo \u2013 pardavimo elektronin\u0117je parduotuv\u0117je shop.varaka.lt taisykl\u0117mis ir su jomis sutinku\u201c. Tokiu b\u016bdu patvirtintos Taisykl\u0117s yra \u0160alims privalomas teisinis dokumentas, kuriame nustatomos Pirk\u0117jo ir Pardav\u0117jo teis\u0117s bei pareigos, preki\u0173 \u012fsigijimo bei apmok\u0117jimo u\u017e jas s\u0105lygos, preki\u0173 pristatymo ir gr\u0105\u017einimo tvarka, \u0161ali\u0173 atsakomyb\u0117 bei kitos su preki\u0173 pirkimu \u2013 pardavimu susijusios s\u0105lygos.<\/p><p>2.2. Jei Pardav\u0117jui numatyta teis\u0117 ar pareiga pateikti Pirk\u0117jui informacij\u0105 ar dokumentus elektroniniu pa\u0161tu, visais atvejais u\u017e veikian\u010dio ir Pirk\u0117jui priklausan\u010dio elektroninio pa\u0161to adreso pateikim\u0105 Pardav\u0117jui atsako pats Pirk\u0117jas.<\/p><p><b>3. Preki\u0173 u\u017esakymas, pirkimo \u2013 pardavimo teisini\u0173 santyki\u0173 suk\u016brimo momentas<\/b><\/p><p>3.1. Pirk\u0117jas gali u\u017esisakyti prekes pasirinkdamas vien\u0105 i\u0161 \u0161i\u0173 b\u016bd\u0173:<\/p><p>3.1.1. internetu u\u017esiregistruodamas (\u012fvesdamas savo registracijos vard\u0105 ir slapta\u017eod\u012f);<br \/>3.1.2. internetu nesiregistruodamas;<br \/>3.1.3. telefonu;<br \/>3.1.4. preki\u0173 atsi\u0117mimo vietose.<\/p><p>3.2. Pirk\u0117jas, u\u017esisakydamas prekes vienu i\u0161 Taisykli\u0173 3.1.1 \u2013 3.1.2 punktuose nurodyt\u0173 b\u016bd\u0173, atitinkamuose Pardav\u0117jo pateiktuose informacijos laukuose privalo nurodyti Privatumo politikoje numatytus tinkamam preki\u0173 u\u017esakymo \u012fvykdymui b\u016btinus savo Asmens duomenis.<\/p><p>3.3. Kai Pirk\u0117jas, i\u0161sirink\u0119s perkam\u0105 prek\u0119 ar paslaug\u0105 ir suformav\u0119s preki\u0173 krep\u0161el\u012f, \u012fvykdo visus u\u017esakymo \u017eingsnius, kuri\u0173 paskutinis yra mok\u0117jimo b\u016bdo pasirinkimas ir patvirtinimas, laikoma, kad tarp Pardav\u0117jo ir Pirk\u0117jo atsirado pirkimo \u2013 pardavimo teisiniai santykiai ir sudaryta pirkimo \u2013 pardavimo sutartis. Pardav\u0117jas siun\u010dia Pirk\u0117jui nuoroda \u012f galiojan\u010dias Taisykles kartu su u\u017esakymo patvirtinimu Pirk\u0117jo nurodytu elektroninio pa\u0161to adresu.<\/p><p><b>4. Pirk\u0117jo \u012fsipareigojimai<\/b><\/p><p>4.1. Pirk\u0117jas privalo sumok\u0117ti u\u017e u\u017esisakytas prekes ar paslaugas ir priimti\u00a0 jas \u0161i\u0173 Taisykli\u0173 nustatyta tvarka.<\/p><p><b>6. Pardav\u0117jo \u012fsipareigojimai<\/b><\/p><p>6.1. Pardav\u0117jas \u012fsipareigoja \u0161iose Taisykl\u0117se ir kit\u0173 teis\u0117s nustatytomis s\u0105lygomis sudaryti Pirk\u0117jui galimyb\u0119 naudotis elektronin\u0117s parduotuv\u0117s\u00a0<span style=\"font-family: Hind, Arial, Helvetica, sans-serif; font-size: 14px; font-style: normal; font-variant-ligatures: normal; font-variant-caps: normal; font-weight: 400;\">ajur.lt<\/span>\u00a0\u00a0teikiamomis paslaugomis.<\/p><p>6.2. Pardav\u0117jas \u012fsipareigoja gerbti Pirk\u0117jo privatum\u0105,. Pirk\u0117jo Asmens duomenis tvarkyti tik Taisykli\u0173 ir Lietuvos Respublikos teis\u0117s akt\u0173 nustatyta tvarka.<\/p><p>6.3. Taisykli\u0173 numatytomis s\u0105lygomis Pardav\u0117jas \u012fsipareigoja pateikti Pirk\u0117jo u\u017esakytas ir priimti Pirk\u0117jo gr\u0105\u017einamas prekes.<\/p><p>6.4. Jei Pardav\u0117jas d\u0117l svarbi\u0173 aplinkybi\u0173 negali pristatyti Pirk\u0117jui u\u017esakytos prek\u0117s, jis \u012fsipareigoja pasi\u016blyti Pirk\u0117jui analogi\u0161k\u0105 ar kiek \u012fmanoma savo savyb\u0117mis pana\u0161esn\u0119 prek\u0119. Pirk\u0117jui atsisakius priimti prek\u0119, kuri buvo si\u016bloma kaip analogi\u0161ka arba pana\u0161i, Pardav\u0117jas \u012fsipareigoja gr\u0105\u017einti Pirk\u0117jui sumok\u0117tus pinigus per 14 (keturiolika) darbo dien\u0173, jeigu buvo atliktas i\u0161ankstinis apmok\u0117jimas, ir visais atvejais at\u0161aukti u\u017esakym\u0105.<\/p><p>6.5. Pardav\u0117jas, nesutikdamas su Pirk\u0117jo reikalavimais, privalo ne v\u0117liau kaip per 10 (de\u0161imt) kalendorini\u0173 dien\u0173 nuo Pirk\u0117jo kreipimosi gavimo dienos, jeigu Lietuvos Respublikos ir Europos S\u0105jungos teis\u0117s aktai nenustato kitaip, pateikti vartotojui i\u0161sam\u0173 motyvuot\u0105 ra\u0161ytin\u012f atsakym\u0105.<\/p><p>6.6. Pardav\u0117jas \u012fsipareigoja vykdyti kitas Taisykl\u0117se, bei Lietuvos Respublikos teis\u0117s aktuose Pardav\u0117jui keliamas pareigas.<\/p><p><b>7. Preki\u0173 kainos, apmok\u0117jimo tvarka ir terminai<\/b><\/p><p>7.1. Preki\u0173 kainos\u00a0<span style=\"font-family: Hind, Arial, Helvetica, sans-serif; font-size: 14px; font-style: normal; font-variant-ligatures: normal; font-variant-caps: normal; font-weight: 400; text-align: var(--text-align); background-color: var(--wd-main-bgcolor); color: var(--wd-text-color);\">ajur.lt<\/span><span style=\"font-size: 14px; text-align: var(--text-align); background-color: var(--wd-main-bgcolor); color: var(--wd-text-color);\">\u00a0suformuotame u\u017esakyme nurodomos eurais, \u012fskaitant tuo metu pagal teis\u0117s aktus galiojant\u012f PVM dyd\u012f.<\/span><\/p><p>7.2. U\u017e u\u017esisakytas prekes Pirk\u0117jas gali atsiskaityti vienu i\u0161 \u0161i\u0173 b\u016bd\u0173:<\/p><p>7.2.1. naudojantis elektronine bankininkyste;<br \/>7.2.2. banko pavedimu;<br \/>7.2.3. grynaisiais pinigais ar banko kortele preki\u0173 pristatymo\/atsi\u0117mimo metu;<\/p><p>7.3. Kai Pardav\u0117jas gauna apmok\u0117jim\u0105 u\u017e prekes patvirtinamas preki\u0173 u\u017esakymas ir pradedamas skai\u010diuoti preki\u0173 pristatymo terminas.<\/p><p>7.4. Preki\u0173 kaina po to, kai Pardav\u0117jas patvirtino u\u017esakym\u0105, keistis negali, i\u0161skyrus atvejus, kai. prek\u0117s kaina pakito, d\u0117l informacini\u0173 sistem\u0173 technin\u0117s klaidos ar kit\u0173 nuo Pardav\u0117jo nepriklausan\u010di\u0173 objektyvi\u0173 prie\u017eas\u010di\u0173. Jei tokiu atveju Pirk\u0117jas nesutinka \u012fsigyti prek\u0119 nauja kaina, Pirk\u0117jas gali atsisakyti u\u017esakymo informuodamas apie tai Pardav\u0117j\u0105 per 2 (dvi) darbo dienas. Anuliavus u\u017esakym\u0105 \u0161iame punkte numatyta tvarka, Pirk\u0117jui gr\u0105\u017einamos visos jo sumok\u0117tos sumos.<\/p><p><b>8. Preki\u0173 pristatymas<\/b><\/p><p>8.1. U\u017esakydamas prekes Pirk\u0117jas gali pasirinkti vien\u0105 i\u0161 preki\u0173 pateikimo b\u016bd\u0173.<\/p><p>8.2. Jei Pirk\u0117jas u\u017esakymo metu pasirenka preki\u0173 pristatymo \u012f namus paslaug\u0105:<\/p><p>8.2.1. Pirk\u0117jas \u012fsipareigoja nurodyti tiksli\u0105 preki\u0173 pristatymo viet\u0105.<\/p><p>8.2.2. Pirk\u0117jas \u012fsipareigoja prekes priimti pats. Priimant prekes b\u016btina pateikti galiojant\u012f asmens tapatyb\u0119 patvirtinant\u012f dokument\u0105 (asmens tapatyb\u0117s kortel\u0119, pas\u0105 ar naujo pavyzd\u017eio vairuotojo pa\u017eym\u0117jim\u0105). Jei Pirk\u0117jas preki\u0173 pats priimti negali, o prek\u0117s pristatytos Pirk\u0117jo nurodytu adresu, Pirk\u0117jas neturi teis\u0117s reik\u0161ti Pardav\u0117jui pretenzij\u0173 d\u0117l preki\u0173 pristatymo netinkamam asmeniui.<\/p><p>8.2.3. Prekes pristato Pardav\u0117jas arba jo \u012fgaliotas atstovas.<\/p><p>8.2.4. \u012e preki\u0173 pristatymo \u012f namus paslaugos mokest\u012f ne\u012feina u\u017esakyt\u0173 preki\u0173 u\u017ene\u0161imas \u2013 \u0161i\u0105 paslaug\u0105 pirk\u0117jas gali u\u017esisakyti papildomai.<\/p><p>8.3. Jei Pirk\u0117jas u\u017esakymo metu pasirenka preki\u0173 atsi\u0117mim\u0105 viename i\u0161 Lietuvos pa\u0161to skyri\u0173:<\/p><p>8.3.1. Pirk\u0117jas gali atsiimti prekes viename i\u0161 Lietuvos pa\u0161to skyri\u0173, sumok\u0117damas\u00a0<a href=\"https:\/\/pigu.lt\/lt\/t\/atsiimk_paste\" target=\"_blank\" rel=\"noopener\">nurodyt\u0105 siuntos i\u0161pirkimo mokest\u012f<\/a>. Pirk\u0117jui nesumok\u0117jus auk\u0161\u010diau nurodyto mokes\u010dio, prek\u0117s bus gr\u0105\u017eintos\u00a0<span style=\"font-family: Hind, Arial, Helvetica, sans-serif; font-size: 14px; font-style: normal; font-variant-ligatures: normal; font-variant-caps: normal; font-weight: 400;\">ajur.lt<\/span>.<\/p><p>8.3.2. U\u017esakytas prekes b\u016btina atsiimti ne v\u0117liau kaip per 3 (tris) darbo dienas po to, kai Pardav\u0117jas informavo Pirk\u0117j\u0105 elektroniniu pa\u0161tu arba SMS \u017einute, kad prekes galima atsiimti.<\/p><p>8.3.3. Prekes gali atsiimti ne tik u\u017esakyme nurodytas gav\u0117jas bet ir u\u017esakymo pateikimo metu nurodytas kitas asmuo. Atsiimant prekes, b\u016btina su savimi tur\u0117ti ir Lietuvos pa\u0161to darbuotojui pateikti galiojant\u012f asmens tapatyb\u0119 patvirtinant\u012f dokument\u0105 (asmens tapatyb\u0117s kortel\u0119, pas\u0105 ar naujo pavyzd\u017eio vairuotojo pa\u017eym\u0117jim\u0105).<\/p><p>8.3.4. Preki\u0173 atsi\u0117mimo Lietuvos pa\u0161to skyriuose paslauga neteikiama:<\/p><p>8.3.4.1. Jei bendras u\u017esakyt\u0173 preki\u0173 svoris yra didesnis negu 20 (dvide\u0161imt) kg.<\/p><p>8.3.4.2. Jeigu bendri u\u017esakom\u0173 preki\u0173 matmenys neleid\u017eia \u012fgyvendinti \u0161ios paslaugos. \u0160iuo atveju prie prek\u0117s u\u017esakymo nenurodoma, jog tokia paslauga teikiama.<\/p><p>8.3.4.3. Jeigu u\u017esakant prek\u0119 prie informacijos apie pristatymo b\u016bdus nenurodoma, jog tokia paslauga teikiama.<\/p><p>8.4. Pirk\u0117jas gali atsiimti prekes nemokamai viename i\u0161 Preki\u0173 atsi\u0117mimo viet\u0173. Jei Pirk\u0117jas u\u017esakymo teikimo metu pasirenka \u0161\u012f b\u016bd\u0105:<\/p><p>8.4.1. U\u017esakytas prekes b\u016btina atsiimti ne v\u0117liau kaip per 3 (tris) darbo dienas po to, kai Pardav\u0117jas informavo Pirk\u0117j\u0105 elektroniniu pa\u0161tu, kad prekes galima atsiimti.<\/p><p>8.4.2. Prekes gali atsiimti tik u\u017esakym\u0105 pateik\u0119s asmuo arba asmuo, nurodytas u\u017esakymo pateikimo metu. Atsiimant prekes, b\u016btina su savimi tur\u0117ti ir Pardav\u0117jo darbuotojui pateikti galiojant\u012f asmens tapatyb\u0119 patvirtinant\u012f dokument\u0105 (asmens tapatyb\u0117s kortel\u0119, pas\u0105 ar naujo pavyzd\u017eio vairuotojo pa\u017eym\u0117jim\u0105).<\/p><p>8.5. Jei Pirk\u0117jas u\u017esakymo teikimo metu pasirenka Preki\u0173 pristatym\u0105 \u012f Omniva pa\u0161tomat\u0105 arba \u012f LP EXPRESS siunt\u0173 savitarnos terminal\u0105:<\/p><p>8.5.1. Omniva pa\u0161tomatuose arba LP EXPRESS siunt\u0173 savitarnos terminaluose\u00a0galima atsiimti prekes, kurios sveria ma\u017eiau nei 30 kg. Sunkesn\u0117s nei 30 kg prek\u0117s \u012f pa\u0161tomatus ir \u012f siunt\u0173 savitarnos terminalus\u00a0n\u0117ra pristatomos.<\/p><p>8.5.2. Siunta i\u0161 Omniva pa\u0161tomato turi b\u016bti atsiimta per 7 (septynias) kalendorines dienas po to, kai Pardav\u0117jas informavo Pirk\u0117j\u0105 elektroniniu pa\u0161tu, kad prek\u0119 galima atsiimti.\u00a0Siunta i\u0161 LP EXPRESS siunt\u0173 savitarnos terminalo\u00a0\u00a0turi b\u016bti atsiimta per 5\u00a0(penkias) kalendorines dienas po to, kai Pardav\u0117jas informavo Pirk\u0117j\u0105 elektroniniu pa\u0161tu, kad prek\u0119 galima atsiimti<\/p><p>8.5.3. Pristatymo s\u0105lygos ir Pirk\u0117jui taikomas mokestis apra\u0161yti \u010cIA.<\/p><p>8.7. Pardav\u0117jas atleid\u017eiamas nuo atsakomyb\u0117s u\u017e preki\u0173 pateikimo termin\u0173 pa\u017eeidim\u0105, jeigu prek\u0117s Pirk\u0117jui n\u0117ra pateikiamos arba pateikiamos ne laiku d\u0117l tre\u010di\u0173j\u0173 asmen\u0173 kalt\u0117s arba d\u0117l nuo Pirk\u0117jo priklausan\u010di\u0173 aplinkybi\u0173.<\/p><p>8.8. Preki\u0173 pateikimo Pirk\u0117jui metu Pirk\u0117jas privalo kartu su Pardav\u0117ju arba jo \u012fgaliotu atstovu patikrinti siuntos ir prek\u0117s (-i\u0173) b\u016bkl\u0119 bei pasira\u0161yti siuntos perdavimo \u2013 pri\u0117mimo dokument\u0105. Pirk\u0117jui pasira\u0161ius siuntos perdavimo \u2013 pri\u0117mimo dokumente, laikoma, kad prek\u0117 yra perduota tinkamos b\u016bkl\u0117s, pa\u017eeidim\u0173, kuri\u0173 atsiradimo pagrindas priskirtinas ne gamykliniam brokui, bei prek\u0117s (-i\u0173) komplektacijos neatitikim\u0173 (toki\u0173, kuriuos galima nustatyti i\u0161orin\u0117s preki\u0173 ap\u017ei\u016bros metu) n\u0117ra. Pasteb\u0117j\u0119s, kad pateiktos prek\u0117s pakuot\u0117 pa\u017eeista (suglam\u017eyta, \u0161lapia ar kitaip i\u0161ori\u0161kai pa\u017eeista), prek\u0117(-\u0117s) yra pa\u017eeista (-os) ir\/ar prek\u0117 (-\u0117s) yra netinkamos komplektacijos, Pirk\u0117jas privalo tai pa\u017eym\u0117ti prek\u0117s perdavimo \u2013 pri\u0117mimo dokumente bei, dalyvaujant Pardav\u0117jui ar jo atstovui, sura\u0161yti laisvos formos siuntos ir\/ar prek\u0117s (-i\u0173) pa\u017eeidimo\/neatitikim\u0173 akt\u0105. Pirk\u0117jui neatlikus \u0161i\u0173 veiksm\u0173, Pardav\u0117jas yra atleid\u017eiamas nuo atsakomyb\u0117s d\u0117l preki\u0173 pa\u017eeidim\u0173, kai toki\u0173 pa\u017eeidim\u0173 atsiradimo pagrindas n\u0117ra gamyklinis brokas bei d\u0117l preki\u0173 komplektacijos neatitikim\u0173 tik tuomet jei \u0161iuos neatitikimus galima nustatyti i\u0161orin\u0117s preki\u0173 ap\u017ei\u016bros metu.<\/p><p>8.9. Preki\u0173 atsitiktinio \u017euvimo ar j\u0173 sugedimo rizika pereina Pirk\u0117jui nuo to momento, kai prek\u0117 perduota Pirk\u0117jui.<\/p><p>8.10. Jei remiantis Taisykli\u0173 8.2 \u2013 8.6 punktais Pirk\u0117jas neatsiima preki\u0173 per nustatyt\u0105 termin\u0105 ar j\u0173 nepavyksta \u012fteikti Pirk\u0117jui ir Pirk\u0117jas buvo sumok\u0117j\u0119s u\u017e prekes ir j\u0173 pristatym\u0105, atstovai susisiekia su Pirk\u0117ju d\u0117l kito preki\u0173 pristatymo laiko ir\/ar b\u016bdo. Jei Pirk\u0117jas vis tiek neatsiima preki\u0173 arba nepavyksta j\u0173 \u012fteikti, tokios prek\u0117s gr\u0105\u017einamos Pardav\u0117jui, u\u017esakymas anuliuojamas, o Pirk\u0117jui gr\u0105\u017einami u\u017e prekes sumok\u0117ti pinigai, atskai\u010dius banko mokes\u010dius, taikomus Pardav\u0117jui u\u017e atiktus banko pavedimus, preki\u0173 pristatymo mokest\u012f, jeigu jis buvo taikomas.<\/p><p>8.11. Jei remiantis Taisykli\u0173 8.2 \u2013 8.5 punktais Pirk\u0117jas neatsiima preki\u0173 per nustatyt\u0105 termin\u0105 ar j\u0173 nepavyksta \u012fteikti Pirk\u0117jui ir Pirk\u0117jas nebuvo sumok\u0117j\u0119s u\u017e prekes, tokios prek\u0117s gr\u0105\u017einamos Pardav\u0117jui, o u\u017esakymas anuliuojamas.<\/p><p><b>9. Preki\u0173 kokyb\u0117s garantija ir tinkamumo naudoti terminas<\/b><\/p><p>9.1. Kiekvienos\u00a0<span style=\"font-family: Hind, Arial, Helvetica, sans-serif; font-size: 14px; font-style: normal; font-variant-ligatures: normal; font-variant-caps: normal; font-weight: 400;\">ajur.lt<\/span>\u00a0parduodamos prek\u0117s savyb\u0117s nurodomos prie kiekvienos prek\u0117s esan\u010diame prek\u0117s apra\u0161yme.<\/p><p>9.2. Pardav\u0117jo si\u016blomos \u012fsigyti prek\u0117s yra tinkamos kokyb\u0117s, t.y. preki\u0173 savyb\u0117s atitinka prek\u0117s apra\u0161ym\u0105. Prek\u0117 atitinka vartojimo pirkimo-pardavimo sutart\u012f, jei:<\/p><p>9.2.1. prek\u0117 atitinka Pardav\u0117jo pateikt\u0105 apra\u0161ym\u0105 ir turi tokias savybes kaip ir prek\u0117, kuri\u0105 Pardav\u0117jas pateik\u0117 kaip pavyzd\u012f ar model\u012f reklamuodamas t\u0105 prek\u0119\u00a0<span style=\"font-family: Hind, Arial, Helvetica, sans-serif; font-size: 14px; font-style: normal; font-variant-ligatures: normal; font-variant-caps: normal; font-weight: 400;\">ajur.lt<\/span>;<\/p><p>9.2.2. prek\u0117 tinka naudoti tam, kam tokios r\u016b\u0161ies prek\u0117s paprastai naudojamos;<\/p><p>9.2.3. prek\u0117 atitinka kokyb\u0117s rodiklius, kurie paprastai yra b\u016bdingi to paties pob\u016bd\u017eio prek\u0117ms ir kuri\u0173 Pirk\u0117jas gali pagr\u012fstai tik\u0117tis pagal prek\u0117s pob\u016bd\u012f ir daikto gamintojo, jo atstovo ar pardav\u0117jo vie\u0161ai paskelbtus parei\u0161kimus, \u012fskaitant reklam\u0105 ir daikt\u0173 \u017eenklinim\u0105, d\u0117l daikto konkre\u010di\u0173 savybi\u0173.<\/p><p>9.3. Pardav\u0117jas neatsako u\u017e tai, kad Davraka.lt\u00a0 esan\u010dios prek\u0117s savo dyd\u017eiu, forma, spalva, ar kitais parametrais gali neatitikti realaus preki\u0173 dyd\u017eio, form\u0173, spalvos ar kit\u0173 parametr\u0173 d\u0117l Pirk\u0117jo naudojamo vaizduoklio ypatybi\u0173 ar kit\u0173 technini\u0173 prie\u017eas\u010di\u0173. Pirk\u0117jui rekomenduojama perskaityti prek\u0117s apra\u0161ym\u0105.<\/p><p>9.4. Tais atvejais, kai remiantis teis\u0117s aktais konkre\u010di\u0173 preki\u0173 at\u017evilgiu nustatomas tam tikras tinkamumo naudoti terminas, Pardav\u0117jas \u012fsipareigoja tokias prekes parduoti Pirk\u0117jui taip, kad jam b\u016bt\u0173 suteikta reali galimyb\u0117 tokiomis prek\u0117mis pasinaudoti iki tinkamumo naudoti termino pabaigos.<\/p><p><b>10. Preki\u0173 gr\u0105\u017einimo ir keitimo tvarka<\/b><\/p><p>10.1. Jei Pirk\u0117jui nepatinka nusipirkt\u0173 preki\u0173 forma, dydis, spalva, modelis ar komplekti\u0161kumas, prek\u0117s kei\u010diamos ir gr\u0105\u017einamos remiantis Lietuvos Respublikos Vyriausyb\u0117s 2014 m. liepos 22 d. nutarimu Nr. 738 patvirtintomis \u201eMa\u017emenin\u0117s prekybos taisykl\u0117mis\u201c, i\u0161skyrus tas prekes, kurios patenka \u012f negr\u0105\u017eintin\u0173 preki\u0173 s\u0105ra\u0161\u0105.<\/p><p>10.2. Gav\u0119s prekes Pardav\u0117jas \u012fsipareigoja pakeisti jas tomis pa\u010diomis prek\u0117mis tik Pirk\u0117jo nurodytos formos, dyd\u017eio, spalvos, modelio ar komplekti\u0161kumo. Jeigu Pardav\u0117jas neturi pakeitimui tinkamos prek\u0117s, jis gr\u0105\u017eina Pirk\u0117jui u\u017e prek\u0119 sumok\u0117tus pinigus. Pinigai Pirk\u0117jui gr\u0105\u017einami per 14 (keturiolika) kalendorini\u0173 dien\u0173 po to, kai Pardav\u0117jas gavo Pirk\u0117jo prane\u0161im\u0105 apie nor\u0105 pasinaudoti \u0161ia teise, o jei Prek\u0117 Pirk\u0117jo n\u0117ra gr\u0105\u017einta Pardav\u0117jui \u0161iame punkte numatytas terminas skai\u010diuojamas nuo Prek\u0117s gr\u0105\u017einimo Pardav\u0117jui dienos.<\/p><p>10.3. Patvirtindamas \u0161ias Taisykles Pirk\u0117jas sutinka, kad pinigai b\u016bt\u0173 gr\u0105\u017einami \u012f Pirk\u0117jo banko s\u0105skait\u0105, i\u0161skyrus atvejus, kai Pirk\u0117jas ir Pardav\u0117jas susitaria kitaip.<\/p><p>10.4. Netinkamos kokyb\u0117s preki\u0173 keitimo ir gr\u0105\u017einimo taisykl\u0117s<\/p><p>10.4.1. Parduot\u0173 preki\u0173 tr\u016bkumai \u0161alinami, nekokybi\u0161kos prek\u0117s kei\u010diamos, gr\u0105\u017einamos vadovaujantis Taisykl\u0117se \u012ftvirtinta tvarka bei atsi\u017evelgiant \u012f Lietuvos Respublikos teis\u0117s akt\u0173 reikalavimus.<\/p><p>10.4.2. Jei Pirk\u0117jas \u012fsigijo netinkamos kokyb\u0117s prekes ir apie tai buvo pa\u017eym\u0117j\u0119s prek\u0117s perdavimo \u2013 pri\u0117mimo dokumente arba preki\u0173 netinkama kokyb\u0117 pasirei\u0161kia gamybiniu defektu, kuris buvo preki\u0173 pirkimo metu, ar neatitikimu gamintojo nurodytoms specifikacijoms, Pirk\u0117jas gali gr\u0105\u017einti prekes ir savo pasirinkimu gali reikalauti:<\/p><p>10.4.2.1. kad Pardav\u0117jas neatlygintinai per proting\u0105 termin\u0105 pa\u0161alint\u0173 prek\u0117s tr\u016bkumus, jei tr\u016bkumus \u012fmanoma pa\u0161alinti;<\/p><p>10.4.2.2. kad b\u016bt\u0173 atitinkamai suma\u017einta pirkimo kaina;<\/p><p>10.4.2.3. kad prek\u0117 b\u016bt\u0173 pakeista analogi\u0161ka tinkamos kokyb\u0117s preke, i\u0161skyrus atvejus, kai tr\u016bkumai yra nedideli arba jie atsirado d\u0117l Pirk\u0117jo kalt\u0117s;<\/p><p>10.4.2.4. gr\u0105\u017einti sumok\u0117t\u0105 kain\u0105 ir atsisakyti pirkimo-pardavimo sutarties, kai netinkamos kokyb\u0117s prek\u0117s pardavimas yra esminis u\u017esakymo pa\u017eeidimas.<\/p><p>10.5. Pirk\u0117jui norint gr\u0105\u017einti prekes, b\u016btina laikytis \u0161i\u0173 s\u0105lyg\u0173:<\/p><p>10.5..1. prane\u0161ti apie tai Pardav\u0117jui prane\u0161ime privaloma nurodyti gr\u0105\u017einamas prekes;<\/p><p>10.5.2. pateikti preki\u0173 \u012fsigijimo dokument\u0105.<\/p><p>10.6. Teise gr\u0105\u017einti prekes Pirk\u0117jas gali pasinaudoti per 14\u00a0(keturiolika) kalendorini\u0173\u00a0dien\u0173\u00a0nuo prek\u0117s perdavimo jam dienos.<\/p><p>10.7. Pardav\u0117jas turi teis\u0119 nepriimti Pirk\u0117jo gr\u0105\u017einam\u0173 preki\u0173, jei Pirk\u0117jas nesilaiko Taisykl\u0117se nustatytos preki\u0173 gr\u0105\u017einimo tvarkos.<\/p><p>10.8. Pirk\u0117jas turi sumok\u0117ti u\u017e prek\u0117s pristatymo i\u0161laidas bei prek\u0117s gr\u0105\u017einimo i\u0161laidas, o Pardav\u0117jas, \u012fsitikin\u0119s, kad prek\u0117s gr\u0105\u017eintos d\u0117l netinkamos kokyb\u0117s, turi gr\u0105\u017einti Pirk\u0117jui jo patirtas pristatymo ir gr\u0105\u017einimo i\u0161laidas.<\/p><p>10.9. Pinigai Pirk\u0117jui gr\u0105\u017einami per 14 (keturiolika) kalendorini\u0173 dien\u0173 po to, kai Pardav\u0117jas gavo Pirk\u0117jo prane\u0161im\u0105 apie netinkamos kokyb\u0117s prek\u0119, o jei prek\u0117 Pirk\u0117jo n\u0117ra gr\u0105\u017einta Pardav\u0117jui \u0161iame punkte numatytas terminas skai\u010diuojamas nuo Prek\u0117s gr\u0105\u017einimo Pardav\u0117jui dienos. Patvirtindamas \u0161ias Taisykles Pirk\u0117jas sutinka, kad pinigai b\u016bt\u0173 gr\u0105\u017einami \u012f Pirk\u0117jo banko s\u0105skait\u0105, i\u0161skyrus atvejus, kai Pirk\u0117jas ir Pardav\u0117jas susitaria kitaip.<\/p><p>10.10. Negr\u0105\u017einami pinigai u\u017e tas prekes, kurios ty\u010dia ar d\u0117l neatsargumo buvo sugadintos (paveiktos chemin\u0117mis med\u017eiagomis, vandeniu, atvira ugnimi, auk\u0161ta temperat\u016bra, a\u0161triais objektais ir t.t.), arba jeigu buvo pa\u017eeistos prek\u0117s naudojimo ar saugojimo taisykl\u0117s, arba prek\u0117s naudotos netinkamai ar ne pagal paskirt\u012f.<\/p><p><b>11. Baigiamosios nuostatos<\/b><\/p><p>11.1. \u0160ios Taisykl\u0117s sudarytos vadovaujantis Lietuvos Respublikos teis\u0117s aktais.<\/p><p>11.2. \u0160i\u0173 Taisykli\u0173 pagrindu kylantiems santykiams taikoma Lietuvos Respublikos teis\u0117.<\/p><p>11.3. Visi nesutarimai, kil\u0119 d\u0117l \u0161i\u0173 Taisykli\u0173 vykdymo, sprend\u017eiami deryb\u0173 b\u016bdu. Nepavykus susitarti per 20 (dvide\u0161imt) kalendorini\u0173 dien\u0173, gin\u010dai sprend\u017eiami Lietuvos Respublikos teis\u0117s akt\u0173 nustatyta tvarka.<\/p>\t\t\t\t\t\t\t\t<\/div>\n\t\t\t\t<\/div>\n\t\t\t\t\t<\/div>\n\t\t\t\t<\/div>\n\t\t\t\t<\/div>\n\t\t","protected":false},"excerpt":{"rendered":"<p>Preki\u0173 pirkimo \u2013 pardavimo elektronin\u0117je parduotuv\u0117je taisykl\u0117s 1. S\u0105vokos Pardav\u0117jas \u2013\u00a0elektronin\u0117 parduotuv\u0117 ajur.lt Pirk\u0117jas\u00a0\u2013 fizinis ar juridinis asmuo perkantis prekes<\/p>\n","protected":false},"author":3,"featured_media":0,"parent":0,"menu_order":0,"comment_status":"closed","ping_status":"closed","template":"","meta":{"footnotes":""},"class_list":["post-16133","page","type-page","status-publish","hentry"],"_links":{"self":[{"href":"https:\/\/ajur.lt\/index.php\/wp-json\/wp\/v2\/pages\/16133","targetHints":{"allow":["GET"]}}],"collection":[{"href":"https:\/\/ajur.lt\/index.php\/wp-json\/wp\/v2\/pages"}],"about":[{"href":"https:\/\/ajur.lt\/index.php\/wp-json\/wp\/v2\/types\/page"}],"author":[{"embeddable":true,"href":"https:\/\/ajur.lt\/index.php\/wp-json\/wp\/v2\/users\/3"}],"replies":[{"embeddable":true,"href":"https:\/\/ajur.lt\/index.php\/wp-json\/wp\/v2\/comments?post=16133"}],"version-history":[{"count":10,"href":"https:\/\/ajur.lt\/index.php\/wp-json\/wp\/v2\/pages\/16133\/revisions"}],"predecessor-version":[{"id":16144,"href":"https:\/\/ajur.lt\/index.php\/wp-json\/wp\/v2\/pages\/16133\/revisions\/16144"}],"wp:attachment":[{"href":"https:\/\/ajur.lt\/index.php\/wp-json\/wp\/v2\/media?parent=16133"}],"curies":[{"name":"wp","href":"https:\/\/api.w.org\/{rel}","templated":true}]}}