{"id":16145,"date":"2024-02-12T16:14:30","date_gmt":"2024-02-12T16:14:30","guid":{"rendered":"https:\/\/ajur.lt\/?page_id=16145"},"modified":"2024-02-13T18:29:17","modified_gmt":"2024-02-13T18:29:17","slug":"prekiu-pristatymas","status":"publish","type":"page","link":"https:\/\/ajur.lt\/index.php\/prekiu-pristatymas\/","title":{"rendered":"Preki\u0173 pristatymas"},"content":{"rendered":"\t\t<div data-elementor-type=\"wp-page\" data-elementor-id=\"16145\" class=\"elementor elementor-16145\">\n\t\t\t\t<div class=\"wd-negative-gap elementor-element elementor-element-7052cb9 e-flex e-con-boxed e-con e-parent\" data-id=\"7052cb9\" data-element_type=\"container\">\n\t\t\t\t\t<div class=\"e-con-inner\">\n\t\t\t\t<div class=\"elementor-element elementor-element-48416e82 color-scheme-inherit text-left elementor-widget elementor-widget-text-editor\" data-id=\"48416e82\" data-element_type=\"widget\" data-widget_type=\"text-editor.default\">\n\t\t\t\t<div class=\"elementor-widget-container\">\n\t\t\t\t\t\t\t\t\t\n<p>Pristatymo kaina *.** \u20ac. Prek\u0117s pristatymo \u012f Omniv\u0105 pa\u0161tomat\u0105 terminas 1 &#8211; 4 darbo dienos nuo u\u017esakymo pateikimo. Paslauga teikiama, jeigu u\u017esakymas nevir\u0161ija 30 kg ir telpa \u012f vien\u0105 i\u0161 \u0161i\u0173 d\u0117\u017ei\u0173:<\/p>\n\n\n\n<ul class=\"wp-block-list\">\n<li>S &#8211; 8 cm x 38 cm x 64 cm (ma\u017eiausias dydis: 2 cm x 9 cm x 14 cm)<\/li>\n\n\n\n<li>M &#8211; 19 cm x 38 cm x 64 cm<\/li>\n\n\n\n<li>L &#8211; 41 cm x 38 cm x 64 cm<\/li>\n<\/ul>\n\t\t\t\t\t\t\t\t<\/div>\n\t\t\t\t<\/div>\n\t\t\t\t\t<\/div>\n\t\t\t\t<\/div>\n\t\t\t\t<\/div>\n\t\t","protected":false},"excerpt":{"rendered":"<p>Pristatymo kaina *.** \u20ac. Prek\u0117s pristatymo \u012f Omniv\u0105 pa\u0161tomat\u0105 terminas 1 &#8211; 4 darbo dienos nuo u\u017esakymo pateikimo. Paslauga teikiama,<\/p>\n","protected":false},"author":3,"featured_media":0,"parent":0,"menu_order":0,"comment_status":"closed","ping_status":"closed","template":"","meta":{"footnotes":""},"class_list":["post-16145","page","type-page","status-publish","hentry"],"_links":{"self":[{"href":"https:\/\/ajur.lt\/index.php\/wp-json\/wp\/v2\/pages\/16145","targetHints":{"allow":["GET"]}}],"collection":[{"href":"https:\/\/ajur.lt\/index.php\/wp-json\/wp\/v2\/pages"}],"about":[{"href":"https:\/\/ajur.lt\/index.php\/wp-json\/wp\/v2\/types\/page"}],"author":[{"embeddable":true,"href":"https:\/\/ajur.lt\/index.php\/wp-json\/wp\/v2\/users\/3"}],"replies":[{"embeddable":true,"href":"https:\/\/ajur.lt\/index.php\/wp-json\/wp\/v2\/comments?post=16145"}],"version-history":[{"count":7,"href":"https:\/\/ajur.lt\/index.php\/wp-json\/wp\/v2\/pages\/16145\/revisions"}],"predecessor-version":[{"id":16152,"href":"https:\/\/ajur.lt\/index.php\/wp-json\/wp\/v2\/pages\/16145\/revisions\/16152"}],"wp:attachment":[{"href":"https:\/\/ajur.lt\/index.php\/wp-json\/wp\/v2\/media?parent=16145"}],"curies":[{"name":"wp","href":"https:\/\/api.w.org\/{rel}","templated":true}]}}