{"id":16153,"date":"2024-02-12T16:16:07","date_gmt":"2024-02-12T16:16:07","guid":{"rendered":"https:\/\/ajur.lt\/?page_id=16153"},"modified":"2024-02-13T18:29:16","modified_gmt":"2024-02-13T18:29:16","slug":"prekiu-grazinimas","status":"publish","type":"page","link":"https:\/\/ajur.lt\/index.php\/prekiu-grazinimas\/","title":{"rendered":"Preki\u0173 gr\u0105\u017einimas"},"content":{"rendered":"\t\t<div data-elementor-type=\"wp-page\" data-elementor-id=\"16153\" class=\"elementor elementor-16153\">\n\t\t\t\t<div class=\"wd-negative-gap elementor-element elementor-element-1767eae2 e-flex e-con-boxed e-con e-parent\" data-id=\"1767eae2\" data-element_type=\"container\">\n\t\t\t\t\t<div class=\"e-con-inner\">\n\t\t\t\t<div class=\"elementor-element elementor-element-6803fb22 color-scheme-inherit text-left elementor-widget elementor-widget-text-editor\" data-id=\"6803fb22\" data-element_type=\"widget\" data-widget_type=\"text-editor.default\">\n\t\t\t\t<div class=\"elementor-widget-container\">\n\t\t\t\t\t\t\t\t\t\n<p>Jeigu Pirk\u0117jui buvo parduota netinkamos kokyb\u0117s prek\u0117 ir Pardav\u0117jas neinformavo pirk\u0117jo apie prek\u0117s kokyb\u0117s tr\u016bkumus jos pardavimo metu, Pirk\u0117jas turi teis\u0119 savo pasirinkimu i\u0161 Pardav\u0117jo reikalauti:<\/p>\n\n\n\n<ul class=\"wp-block-list\">\n<li>pakeisti netinkamos kokyb\u0117s prek\u0119 tinkamos kokyb\u0117s preke;<\/li>\n\n\n\n<li>atitinkamai suma\u017einti prek\u0117s kain\u0105;<\/li>\n\n\n\n<li>per proting\u0105 termin\u0105 neatlygintinai pa\u0161alinti prek\u0117s tr\u016bkumus;<\/li>\n\n\n\n<li>viena\u0161ali\u0161kai reikalauti gr\u0105\u017einti u\u017e prek\u0119 sumok\u0117tus pinigus.<\/li>\n<\/ul>\n\n\n\n<p>Jeigu pirk\u0117jui nepatinka ar neatitinka nusipirktos prek\u0117s forma, dydis, spalva, modelis ar komplekti\u0161kumas, jis turi teis\u0119 pakeisti nusipirkt\u0105 prek\u0119 pirkimo vietoje analogi\u0161ka preke. Prek\u0117s i\u0161vaizda pavaizduota nuotraukoje gali 100% neatitikti prek\u0117s realios i\u0161vaizdos.<\/p>\n\n\n\n<p>Pirk\u0117jas turi teis\u0119 gr\u0105\u017einti ar pakeisti prekes, vadovaudamasis 2001 m. bir\u017eelio 29 d. LR \u016bkio ministro \u012fsakymu Nr. 217 \u201eD\u0117l daikt\u0173 gr\u0105\u017einimo ir keitimo taisykli\u0173 patvirtinimo\u201c. Tokias prekes Pirk\u0117jas gali gr\u0105\u017einti ar pakeisti ne v\u0117liau nei per 14 darbo dien\u0173 nuo prek\u0117s pristatymo Pirk\u0117jui dienos. Tokiu atveju Pirk\u0117jui gr\u0105\u017einama visa u\u017e gr\u0105\u017eintas prekes sumok\u0117ta j\u0173 kaina arba prek\u0117 pakei\u010diama analogi\u0161ka. Pirk\u0117jui negr\u0105\u017einamos ir nekompensuojamos prek\u0117s pristatymo i\u0161laidos. Preki\u0173 gr\u0105\u017einimo Pardav\u0117jui i\u0161laidas apmoka Pirk\u0117jas. U\u017e prekes, kurios gr\u0105\u017einamos laikantis \u0161iame punkte numatyt\u0173 s\u0105lyg\u0173, Pirk\u0117jo sumok\u0117ti pinigai yra gr\u0105\u017einami ne v\u0117liau nei per 30 darbo dien\u0173 nuo Pirk\u0117jo gr\u0105\u017einam\u0173 preki\u0173 pristatymo Pardav\u0117jui dienos.<\/p>\n\n\n\n<p>Pirk\u0117jas negali gr\u0105\u017einti toki\u0173 preki\u0173, kuri\u0173 gr\u0105\u017einimo galimyb\u0117s nenustato Lietuvos Respublikos teis\u0117s aktai.<\/p>\n\n\n\n<p>Gr\u0105\u017einant ar kei\u010diant prekes, b\u016btina laikytis \u0161i\u0173 s\u0105lyg\u0173:<\/p>\n\n\n\n<ul class=\"wp-block-list\">\n<li>prek\u0117 turi b\u016bti originalioje tvarkingoje pakuot\u0117je;<\/li>\n\n\n\n<li>prek\u0117 turi b\u016bti Pirk\u0117jo nesugadinta;<\/li>\n\n\n\n<li>prek\u0117 turi b\u016bti nepraradusi prekin\u0117s i\u0161vaizdos (nepa\u017eeistos etiket\u0117s, nenupl\u0117\u0161tos apsaugin\u0117s pl\u0117vel\u0117s ir kt.) (\u0161is punktas netaikomas tuo atveju, kai gr\u0105\u017einama nekokybi\u0161ka prek\u0117);<\/li>\n\n\n\n<li>prek\u0117 turi b\u016bti tos pa\u010dios komplektacijos, kokios buvo Pirk\u0117jo gauta;<\/li>\n\n\n\n<li>gr\u0105\u017einant ar kei\u010diant prek\u0119 b\u016btina pateikti jos \u012fsigijimo dokument\u0105, garantin\u012f talon\u0105 (jei jis buvo i\u0161duotas) ir u\u017epildyt\u0105 prek\u0117s gr\u0105\u017einimo-keitimo dokument\u0105, kuris Jums pateikiamas kartu su preke.<\/li>\n<\/ul>\n\n\n\n<p>Naujos, brokuotos arba sugedusios prek\u0117s turi b\u016bti pristatytos \u012f pardav\u0117jo atstovyb\u0119 pirk\u0117jo ka\u0161tais.<\/p>\n\t\t\t\t\t\t\t\t<\/div>\n\t\t\t\t<\/div>\n\t\t\t\t\t<\/div>\n\t\t\t\t<\/div>\n\t\t\t\t<\/div>\n\t\t","protected":false},"excerpt":{"rendered":"<p>Jeigu Pirk\u0117jui buvo parduota netinkamos kokyb\u0117s prek\u0117 ir Pardav\u0117jas neinformavo pirk\u0117jo apie prek\u0117s kokyb\u0117s tr\u016bkumus jos pardavimo metu, Pirk\u0117jas turi<\/p>\n","protected":false},"author":3,"featured_media":0,"parent":0,"menu_order":0,"comment_status":"closed","ping_status":"closed","template":"","meta":{"footnotes":""},"class_list":["post-16153","page","type-page","status-publish","hentry"],"_links":{"self":[{"href":"https:\/\/ajur.lt\/index.php\/wp-json\/wp\/v2\/pages\/16153","targetHints":{"allow":["GET"]}}],"collection":[{"href":"https:\/\/ajur.lt\/index.php\/wp-json\/wp\/v2\/pages"}],"about":[{"href":"https:\/\/ajur.lt\/index.php\/wp-json\/wp\/v2\/types\/page"}],"author":[{"embeddable":true,"href":"https:\/\/ajur.lt\/index.php\/wp-json\/wp\/v2\/users\/3"}],"replies":[{"embeddable":true,"href":"https:\/\/ajur.lt\/index.php\/wp-json\/wp\/v2\/comments?post=16153"}],"version-history":[{"count":4,"href":"https:\/\/ajur.lt\/index.php\/wp-json\/wp\/v2\/pages\/16153\/revisions"}],"predecessor-version":[{"id":16157,"href":"https:\/\/ajur.lt\/index.php\/wp-json\/wp\/v2\/pages\/16153\/revisions\/16157"}],"wp:attachment":[{"href":"https:\/\/ajur.lt\/index.php\/wp-json\/wp\/v2\/media?parent=16153"}],"curies":[{"name":"wp","href":"https:\/\/api.w.org\/{rel}","templated":true}]}}