{"id":15668,"date":"2024-01-28T21:23:10","date_gmt":"2024-01-28T21:23:10","guid":{"rendered":"https:\/\/ajur.lt\/?post_type=product&#038;p=15668"},"modified":"2024-07-04T09:47:21","modified_gmt":"2024-07-04T09:47:21","slug":"dabur-vatika-mutivit-sampunas-lemon-400ml","status":"publish","type":"product","link":"https:\/\/ajur.lt\/index.php\/product\/dabur-vatika-mutivit-sampunas-lemon-400ml\/","title":{"rendered":"Dabur Vatika MutiVit \u0161amp\u016bnas Lemon, 400ml"},"content":{"rendered":"<p>Valo, \u0161alina pleiskanas, v\u0117sina.<\/p>\n<p>Atraskite nat\u016bralios gamtos recept\u0105, kaip pa\u0161alinti pleiskanas nepa\u017eeid\u017eiant plauk\u0173 ar galvos odos su Vatika maitinamuoju \u0161amp\u016bnu. Praturtintas nat\u016braliomis sudedamosiomis dalimis jis padeda pa\u0161alinti pleiskanas i\u0161 plauk\u0173, reguliariai j\u012f naudojant.<\/p>\n<p>I\u0161skirtin\u0117s sudedamosios dalys: CITRINA, M\u0116TA, JOGURTAS<\/p>\n<p>Laikykite v\u0117sioje ir sausoje vietoje.<\/p>\n<p>Kilm\u0117s \u0161alis: Jungtiniai Arab\u0173 Emyratai<\/p>\n<p>Sudedamosios dalys: Aqua, Sodium Laureth Sulfate, Cocamide MEA, Dimethiconol, Glycol distearate, Cocamidopropyl Betaine, Parfum, Sodium chloride, Climbazole, Carbomer, Sodium PCA, Guar Hydroxypropyltrimonium Chloride, Amodimethicone, Citrus limon (Lemon) peel Oil, TEA-Dodecylbenzenesulfonate, Sodium Hydroxide, Isopropyl Myristate, Trideceth-12, Glycine Soja Oil, Maleuca alternifolia leaf Oil, PEG-90M, Panthenol, Carthamus tinctorius seed Oil, Magnesium Nitrate, Magnesium chloride, Mentha piperita Oil, Rosmarinus officinalis leaf Oil, Azadirachta indica (Neem) leaf extract, Propylene glycol, Disodium EDTA, Lactic acid, Tocopheryl Acetate, Linoleic Acid, Glycerin, Cetrimonium chloride, Methylchloroisothiazolinone, Methyliothiazolinone, Retinyl Palmitate, Yogurt Filtrate, Potassium Sorbate, Sodium Benzoate, Amyl Cinnamal, Limonene, Linalool, CI 19140, CI 16035<\/p>\n","protected":false},"excerpt":{"rendered":"<p>Valo, \u0161alina pleiskanas, v\u0117sina.<\/p>\n","protected":false},"featured_media":15671,"comment_status":"open","ping_status":"closed","template":"","meta":[],"product_brand":[],"product_cat":[103],"product_tag":[],"class_list":{"0":"post-15668","1":"product","2":"type-product","3":"status-publish","4":"has-post-thumbnail","6":"product_cat-ajurvediniai-sampunai","8":"first","9":"onbackorder","10":"shipping-taxable","11":"product-type-simple"},"_links":{"self":[{"href":"https:\/\/ajur.lt\/index.php\/wp-json\/wp\/v2\/product\/15668","targetHints":{"allow":["GET"]}}],"collection":[{"href":"https:\/\/ajur.lt\/index.php\/wp-json\/wp\/v2\/product"}],"about":[{"href":"https:\/\/ajur.lt\/index.php\/wp-json\/wp\/v2\/types\/product"}],"replies":[{"embeddable":true,"href":"https:\/\/ajur.lt\/index.php\/wp-json\/wp\/v2\/comments?post=15668"}],"version-history":[{"count":5,"href":"https:\/\/ajur.lt\/index.php\/wp-json\/wp\/v2\/product\/15668\/revisions"}],"predecessor-version":[{"id":16364,"href":"https:\/\/ajur.lt\/index.php\/wp-json\/wp\/v2\/product\/15668\/revisions\/16364"}],"wp:featuredmedia":[{"embeddable":true,"href":"https:\/\/ajur.lt\/index.php\/wp-json\/wp\/v2\/media\/15671"}],"wp:attachment":[{"href":"https:\/\/ajur.lt\/index.php\/wp-json\/wp\/v2\/media?parent=15668"}],"wp:term":[{"taxonomy":"product_brand","embeddable":true,"href":"https:\/\/ajur.lt\/index.php\/wp-json\/wp\/v2\/product_brand?post=15668"},{"taxonomy":"product_cat","embeddable":true,"href":"https:\/\/ajur.lt\/index.php\/wp-json\/wp\/v2\/product_cat?post=15668"},{"taxonomy":"product_tag","embeddable":true,"href":"https:\/\/ajur.lt\/index.php\/wp-json\/wp\/v2\/product_tag?post=15668"}],"curies":[{"name":"wp","href":"https:\/\/api.w.org\/{rel}","templated":true}]}}