{"id":15681,"date":"2024-01-28T21:34:38","date_gmt":"2024-01-28T21:34:38","guid":{"rendered":"https:\/\/ajur.lt\/?post_type=product&#038;p=15681"},"modified":"2024-07-04T18:35:51","modified_gmt":"2024-07-04T18:35:51","slug":"dabur-vatika-mutivit-sampunas-almond-400ml","status":"publish","type":"product","link":"https:\/\/ajur.lt\/index.php\/product\/dabur-vatika-mutivit-sampunas-almond-400ml\/","title":{"rendered":"Dabur Vatika MutiVit \u0161amp\u016bnas Almond, 400ml"},"content":{"rendered":"<p>Dr\u0117kinamasis \u0161amp\u016bnas su sald\u017eiaisiais migdolais &#8211; \u0161velnina, maitina, suteikia \u017evilg\u0117sio. Atraskite tikr\u0105 \u017eoleli\u0173 recept\u0105 intensyviam dr\u0117kinimui Vatika maitinamajame \u0161amp\u016bne, praturtintame i\u0161skirtiniais nat\u016braliais ekstraktais, kad j\u016bs\u0173 plaukai b\u016bt\u0173 lyg\u016bs ir \u017evilgantys.<\/p>\n<p>I\u0161skirtin\u0117s sudedamosios dalys: MIGDOLAI, MEDUS, JOGURTAS<\/p>\n<p>Laikykite v\u0117sioje ir sausoje vietoje.<\/p>\n<p>Kilm\u0117s \u0161alis: Jungtiniai Arab\u0173 Emyratai<\/p>\n<p>Ingredientai: Aqua, Sodium Laureth Sulfate, Cocamide MEA, Dimethiconol, Glycol Distearate, Cocamidopropyl Betaine, Parfum, Sodium Chloride, Sodium PCA, Carbomer, Guar Hydroxypropyltrimonium Chloride, Amodimethicone, TEA-Dodecylbenzenesulfonate, Sodium Hydroxide, Panthenol, Disodium EDTA, Isopropyl Myristate, PEG-90M, Trideceth-12, Glycine Soja Oil, Propylene Glycol, Carthamus tinctorius seed oil, Magnesium Nitrate, Magnesium Chloride, Lactic Acid, Tocopheryl Acetate, Linoleic Acid, Cetrimonium Chloride, Glycerin, Methylchloroisothiazolinone, Methylsothiazolinone, Retinyl Palmitate, Mel Extract, Prunus amygdalus dulcis (sweet Almond) fruit extract, Lawsonia inermis leaf extract, Phenoxyethanol, Ethylhexylglycerine, Yogurt Filtrate, Potassium Sorbate, Sodium Benzoate, Methylparaben, Butylparaben, Ethylparaben, Propylparaben, Amyl Cinnamal, Limonene, Linalool, CI 15985<\/p>\n","protected":false},"excerpt":{"rendered":"<p>Dr\u0117kinamasis \u0161amp\u016bnas su sald\u017eiaisiais migdolais &#8211; \u0161velnina, maitina, suteikia \u017evilg\u0117sio. Atraskite tikr\u0105 \u017eoleli\u0173 recept\u0105 intensyviam dr\u0117kinimui Vatika maitinamajame \u0161amp\u016bne, praturtintame i\u0161skirtiniais nat\u016braliais ekstraktais, kad j\u016bs\u0173 plaukai b\u016bt\u0173 lyg\u016bs ir \u017evilgantys.<\/p>\n","protected":false},"featured_media":15682,"comment_status":"open","ping_status":"closed","template":"","meta":[],"product_brand":[],"product_cat":[103],"product_tag":[],"class_list":{"0":"post-15681","1":"product","2":"type-product","3":"status-publish","4":"has-post-thumbnail","6":"product_cat-ajurvediniai-sampunai","8":"first","9":"outofstock","10":"shipping-taxable","11":"purchasable","12":"product-type-simple"},"_links":{"self":[{"href":"https:\/\/ajur.lt\/index.php\/wp-json\/wp\/v2\/product\/15681","targetHints":{"allow":["GET"]}}],"collection":[{"href":"https:\/\/ajur.lt\/index.php\/wp-json\/wp\/v2\/product"}],"about":[{"href":"https:\/\/ajur.lt\/index.php\/wp-json\/wp\/v2\/types\/product"}],"replies":[{"embeddable":true,"href":"https:\/\/ajur.lt\/index.php\/wp-json\/wp\/v2\/comments?post=15681"}],"version-history":[{"count":6,"href":"https:\/\/ajur.lt\/index.php\/wp-json\/wp\/v2\/product\/15681\/revisions"}],"predecessor-version":[{"id":16367,"href":"https:\/\/ajur.lt\/index.php\/wp-json\/wp\/v2\/product\/15681\/revisions\/16367"}],"wp:featuredmedia":[{"embeddable":true,"href":"https:\/\/ajur.lt\/index.php\/wp-json\/wp\/v2\/media\/15682"}],"wp:attachment":[{"href":"https:\/\/ajur.lt\/index.php\/wp-json\/wp\/v2\/media?parent=15681"}],"wp:term":[{"taxonomy":"product_brand","embeddable":true,"href":"https:\/\/ajur.lt\/index.php\/wp-json\/wp\/v2\/product_brand?post=15681"},{"taxonomy":"product_cat","embeddable":true,"href":"https:\/\/ajur.lt\/index.php\/wp-json\/wp\/v2\/product_cat?post=15681"},{"taxonomy":"product_tag","embeddable":true,"href":"https:\/\/ajur.lt\/index.php\/wp-json\/wp\/v2\/product_tag?post=15681"}],"curies":[{"name":"wp","href":"https:\/\/api.w.org\/{rel}","templated":true}]}}