{"id":15685,"date":"2024-01-28T21:34:59","date_gmt":"2024-01-28T21:34:59","guid":{"rendered":"https:\/\/ajur.lt\/?post_type=product&#038;p=15685"},"modified":"2024-07-04T10:28:05","modified_gmt":"2024-07-04T10:28:05","slug":"dabur-vatika-mutivit-sampunas-olive-400ml","status":"publish","type":"product","link":"https:\/\/ajur.lt\/index.php\/product\/dabur-vatika-mutivit-sampunas-olive-400ml\/","title":{"rendered":"Dabur Vatika MutiVit \u0161amp\u016bnas Olive, 400ml"},"content":{"rendered":"<p>Virgin Olive maitinantis \u0161amp\u016bnas &#8211; \u0160velnina ir atgaivina plaukus<br \/>\nAtraskite nat\u016bral\u0173 gamtos recept\u0105 intensyviai plauk\u0173 mitybai Vatika Virgin Olive \u0161amp\u016bne, praturtintame rinktiniais nat\u016braliais ekstraktais, kurie mink\u0161tina ir atgaivina plaukus.<\/p>\n<p>I\u0161skirtin\u0117s sudedamosios dalys: ALYVUOG\u0116S, MIGDOLAS, HENNA<\/p>\n<p>Laikykite v\u0117sioje ir sausoje vietoje.<\/p>\n<p>Kilm\u0117s \u0161alis: Jungtiniai Arab\u0173 Emyratai<\/p>\n","protected":false},"excerpt":{"rendered":"<p>Virgin Olive maitinantis \u0161amp\u016bnas &#8211; \u0160velnina ir atgaivina plaukus<br \/>\nAtraskite nat\u016bral\u0173 gamtos recept\u0105 intensyviai plauk\u0173 mitybai Vatika Virgin Olive \u0161amp\u016bne, praturtintame rinktiniais nat\u016braliais ekstraktais, kurie mink\u0161tina ir atgaivina plaukus.<\/p>\n","protected":false},"featured_media":15683,"comment_status":"open","ping_status":"closed","template":"","meta":[],"product_brand":[],"product_cat":[103],"product_tag":[],"class_list":{"0":"post-15685","1":"product","2":"type-product","3":"status-publish","4":"has-post-thumbnail","6":"product_cat-ajurvediniai-sampunai","8":"first","9":"onbackorder","10":"shipping-taxable","11":"product-type-simple"},"_links":{"self":[{"href":"https:\/\/ajur.lt\/index.php\/wp-json\/wp\/v2\/product\/15685","targetHints":{"allow":["GET"]}}],"collection":[{"href":"https:\/\/ajur.lt\/index.php\/wp-json\/wp\/v2\/product"}],"about":[{"href":"https:\/\/ajur.lt\/index.php\/wp-json\/wp\/v2\/types\/product"}],"replies":[{"embeddable":true,"href":"https:\/\/ajur.lt\/index.php\/wp-json\/wp\/v2\/comments?post=15685"}],"version-history":[{"count":5,"href":"https:\/\/ajur.lt\/index.php\/wp-json\/wp\/v2\/product\/15685\/revisions"}],"predecessor-version":[{"id":16369,"href":"https:\/\/ajur.lt\/index.php\/wp-json\/wp\/v2\/product\/15685\/revisions\/16369"}],"wp:featuredmedia":[{"embeddable":true,"href":"https:\/\/ajur.lt\/index.php\/wp-json\/wp\/v2\/media\/15683"}],"wp:attachment":[{"href":"https:\/\/ajur.lt\/index.php\/wp-json\/wp\/v2\/media?parent=15685"}],"wp:term":[{"taxonomy":"product_brand","embeddable":true,"href":"https:\/\/ajur.lt\/index.php\/wp-json\/wp\/v2\/product_brand?post=15685"},{"taxonomy":"product_cat","embeddable":true,"href":"https:\/\/ajur.lt\/index.php\/wp-json\/wp\/v2\/product_cat?post=15685"},{"taxonomy":"product_tag","embeddable":true,"href":"https:\/\/ajur.lt\/index.php\/wp-json\/wp\/v2\/product_tag?post=15685"}],"curies":[{"name":"wp","href":"https:\/\/api.w.org\/{rel}","templated":true}]}}