{"id":15696,"date":"2024-01-28T21:42:39","date_gmt":"2024-01-28T21:42:39","guid":{"rendered":"https:\/\/ajur.lt\/?post_type=product&#038;p=15696"},"modified":"2024-04-08T13:16:55","modified_gmt":"2024-04-08T13:16:55","slug":"sampunas-dabur-amla-kid","status":"publish","type":"product","link":"https:\/\/ajur.lt\/index.php\/product\/sampunas-dabur-amla-kid\/","title":{"rendered":"\u0160amp\u016bnas Dabur Amla Kid"},"content":{"rendered":"<p>Dabur Amla Kids maitinamasis \u0161amp\u016bnas vaikams yra nat\u016bralus produktas be sulfat\u0173 ir paraben\u0173.<\/p>\n<p>Dabur Amla Kids \u0161amp\u016bnas maitina ir stiprina vaik\u0173 plaukus.<\/p>\n<p>Dabur Amla Kids maitinamasis \u0161amp\u016bnas yra nat\u016bralus produktas be sulfat\u0173 ir paraben\u0173.<\/p>\n<p>Su maitinamaisiais migdol\u0173, \u0161ikakajaus ir amlos ekstraktais, \u201cAmla Kids Shampoo\u201d u\u017etikrina ilgesni\u0173, tvirtesni\u0173, ir \u017evilgan\u010di\u0173 plauk\u0173 prie\u017ei\u016br\u0105.<\/p>\n<p>Vienoje i\u0161 pagrindini\u0173 sudedam\u0173j\u0173 dali\u0173, \u0161ikakuose, gausu vitamin\u0173 ir antioksidant\u0173, kurie suteikia plaukams blizgesio, nat\u016braliai, ir \u0161velniai valo galvos od\u0105 bei plaukus ir gerina plauk\u0173 strukt\u016br\u0105.<\/p>\n<p><strong>Naudojimas:\u00a0<\/strong><\/p>\n<p>U\u017etepkite \u0161iek tiek \u0161amp\u016bno ant dr\u0117gn\u0173 plauk\u0173, kelias minutes sukamaisiais judesiais masa\u017euokite ir nuskalaukite vandeniu.<\/p>\n","protected":false},"excerpt":{"rendered":"<p>Dabur Amla Kids maitinamasis \u0161amp\u016bnas vaikams yra nat\u016bralus produktas be sulfat\u0173 ir paraben\u0173.<\/p>\n","protected":false},"featured_media":15697,"comment_status":"open","ping_status":"closed","template":"","meta":[],"product_brand":[],"product_cat":[103],"product_tag":[],"class_list":{"0":"post-15696","1":"product","2":"type-product","3":"status-publish","4":"has-post-thumbnail","6":"product_cat-ajurvediniai-sampunai","8":"first","9":"instock","10":"shipping-taxable","11":"purchasable","12":"product-type-simple"},"_links":{"self":[{"href":"https:\/\/ajur.lt\/index.php\/wp-json\/wp\/v2\/product\/15696","targetHints":{"allow":["GET"]}}],"collection":[{"href":"https:\/\/ajur.lt\/index.php\/wp-json\/wp\/v2\/product"}],"about":[{"href":"https:\/\/ajur.lt\/index.php\/wp-json\/wp\/v2\/types\/product"}],"replies":[{"embeddable":true,"href":"https:\/\/ajur.lt\/index.php\/wp-json\/wp\/v2\/comments?post=15696"}],"version-history":[{"count":3,"href":"https:\/\/ajur.lt\/index.php\/wp-json\/wp\/v2\/product\/15696\/revisions"}],"predecessor-version":[{"id":16377,"href":"https:\/\/ajur.lt\/index.php\/wp-json\/wp\/v2\/product\/15696\/revisions\/16377"}],"wp:featuredmedia":[{"embeddable":true,"href":"https:\/\/ajur.lt\/index.php\/wp-json\/wp\/v2\/media\/15697"}],"wp:attachment":[{"href":"https:\/\/ajur.lt\/index.php\/wp-json\/wp\/v2\/media?parent=15696"}],"wp:term":[{"taxonomy":"product_brand","embeddable":true,"href":"https:\/\/ajur.lt\/index.php\/wp-json\/wp\/v2\/product_brand?post=15696"},{"taxonomy":"product_cat","embeddable":true,"href":"https:\/\/ajur.lt\/index.php\/wp-json\/wp\/v2\/product_cat?post=15696"},{"taxonomy":"product_tag","embeddable":true,"href":"https:\/\/ajur.lt\/index.php\/wp-json\/wp\/v2\/product_tag?post=15696"}],"curies":[{"name":"wp","href":"https:\/\/api.w.org\/{rel}","templated":true}]}}