{"id":16337,"date":"2024-03-19T17:58:26","date_gmt":"2024-03-19T17:58:26","guid":{"rendered":"https:\/\/ajur.lt\/?post_type=product&#038;p=16337"},"modified":"2024-06-18T15:24:51","modified_gmt":"2024-06-18T15:24:51","slug":"vicco-turmeric-wso-veido-kremas-su-ciberzole-30ml","status":"publish","type":"product","link":"https:\/\/ajur.lt\/index.php\/product\/vicco-turmeric-wso-veido-kremas-su-ciberzole-30ml\/","title":{"rendered":"Vicco Turmeric WSO veido kremas su ciber\u017eole, 30ml"},"content":{"rendered":"<p>\u0160is kremas yra \u017einomas d\u0117l savo antiseptini\u0173 ir prie\u0161u\u017edegimini\u0173 savybi\u0173, kurios padeda pagerinti odos b\u016bkl\u0119 ir i\u0161laikyti j\u0105 sveik\u0105 bei \u0161vytin\u010di\u0105. Ciber\u017eol\u0117, pagrindinis kremo ingredientas, yra \u017einoma Ajurvedoje kaip efektyvi odos prie\u017ei\u016bros priemon\u0117, padedanti kovoti su \u012fvairiomis odos problemomis.<\/p>\n<p><strong>Savyb\u0117s:<\/strong><\/p>\n<ul>\n<li><strong>Antiseptin\u0117s ir prie\u0161u\u017edegimin\u0117s savyb\u0117s:<\/strong> Padeda kovoti su spuogais ir odos u\u017edegimais.<\/li>\n<li><strong>Dr\u0117kinantis efektas:<\/strong> Suteikia odai reikaling\u0105 dr\u0117gm\u0119, padedant i\u0161laikyti j\u0105 \u0161velni\u0105 ir elasting\u0105.<\/li>\n<li><strong>Nat\u016bral\u016bs ingredientai:<\/strong> Be chemini\u0173 pried\u0173, tinkamas jautriai odai.<\/li>\n<li><strong>Lengva konsistencija:<\/strong> Greitai \u012fsigeria \u012f od\u0105, nepalikdamas riebios pl\u0117vel\u0117s.<\/li>\n<li><strong>Odos tonuso gerinimas:<\/strong> Reguliarus naudojimas padeda i\u0161laikyti sveik\u0105 odos tonus\u0105 ir spindes\u012f<\/li>\n<\/ul>\n<div class=\"flex flex-grow flex-col max-w-full\">\n<div class=\"min-h-[20px] text-message flex flex-col items-start whitespace-pre-wrap break-words [.text-message+&amp;]:mt-5 juice:w-full juice:items-end overflow-x-auto gap-2\" dir=\"auto\" data-message-author-role=\"assistant\" data-message-id=\"dc130794-f1d3-4b7b-b2e2-fb17a3695ae1\">\n<div class=\"flex w-full flex-col gap-1 juice:empty:hidden juice:first:pt-[3px]\">\n<div class=\"markdown prose w-full break-words dark:prose-invert light\">\n<h5>Naudojimo instrukcijos:<\/h5>\n<p>Kruop\u0161\u010diai nuvalykite veid\u0105 ir kakl\u0105 naudodami \u0161veln\u0173 valikl\u012f. Paimkite nedidel\u012f kiek\u012f kremo ir tolygiai paskirstykite ant veido bei kaklo. \u0160velniai masa\u017euokite od\u0105 sukamaisiais judesiais, kol kremas visi\u0161kai \u012fsigers. Naudokite krem\u0105 du kartus per dien\u0105 \u2013 ryte ir vakare.<\/p>\n<p>&nbsp;<\/p>\n<\/div>\n<\/div>\n<\/div>\n<\/div>\n","protected":false},"excerpt":{"rendered":"<h5>Vicco Turmeric WSO veido kremas su ciber\u017eole<\/h5>\n<p>Vicco Turmeric WSO (Water Soluble Base) veido kremas yra nat\u016bralus kosmetinis produktas, praturtintas ciber\u017eole. \u0160is kremas yra \u017einomas d\u0117l savo antiseptini\u0173 ir prie\u0161u\u017edegimini\u0173 savybi\u0173, kurios padeda pagerinti odos b\u016bkl\u0119 ir i\u0161laikyti j\u0105 sveik\u0105 bei \u0161vytin\u010di\u0105.<\/p>\n","protected":false},"featured_media":16339,"comment_status":"closed","ping_status":"closed","template":"","meta":[],"product_brand":[],"product_cat":[100],"product_tag":[],"class_list":{"0":"post-16337","1":"product","2":"type-product","3":"status-publish","4":"has-post-thumbnail","6":"product_cat-kremai-veidui","8":"first","9":"instock","10":"shipping-taxable","11":"purchasable","12":"product-type-simple"},"_links":{"self":[{"href":"https:\/\/ajur.lt\/index.php\/wp-json\/wp\/v2\/product\/16337","targetHints":{"allow":["GET"]}}],"collection":[{"href":"https:\/\/ajur.lt\/index.php\/wp-json\/wp\/v2\/product"}],"about":[{"href":"https:\/\/ajur.lt\/index.php\/wp-json\/wp\/v2\/types\/product"}],"replies":[{"embeddable":true,"href":"https:\/\/ajur.lt\/index.php\/wp-json\/wp\/v2\/comments?post=16337"}],"version-history":[{"count":6,"href":"https:\/\/ajur.lt\/index.php\/wp-json\/wp\/v2\/product\/16337\/revisions"}],"predecessor-version":[{"id":16496,"href":"https:\/\/ajur.lt\/index.php\/wp-json\/wp\/v2\/product\/16337\/revisions\/16496"}],"wp:featuredmedia":[{"embeddable":true,"href":"https:\/\/ajur.lt\/index.php\/wp-json\/wp\/v2\/media\/16339"}],"wp:attachment":[{"href":"https:\/\/ajur.lt\/index.php\/wp-json\/wp\/v2\/media?parent=16337"}],"wp:term":[{"taxonomy":"product_brand","embeddable":true,"href":"https:\/\/ajur.lt\/index.php\/wp-json\/wp\/v2\/product_brand?post=16337"},{"taxonomy":"product_cat","embeddable":true,"href":"https:\/\/ajur.lt\/index.php\/wp-json\/wp\/v2\/product_cat?post=16337"},{"taxonomy":"product_tag","embeddable":true,"href":"https:\/\/ajur.lt\/index.php\/wp-json\/wp\/v2\/product_tag?post=16337"}],"curies":[{"name":"wp","href":"https:\/\/api.w.org\/{rel}","templated":true}]}}