{"id":16373,"date":"2024-04-08T13:08:29","date_gmt":"2024-04-08T13:08:29","guid":{"rendered":"https:\/\/ajur.lt\/?post_type=product&#038;p=16373"},"modified":"2026-01-12T11:50:57","modified_gmt":"2026-01-12T11:50:57","slug":"sampunas-sesa-su-ryziu-vandeniu-ir-alijosiumi-plaukams-300ml","status":"publish","type":"product","link":"https:\/\/ajur.lt\/index.php\/product\/sampunas-sesa-su-ryziu-vandeniu-ir-alijosiumi-plaukams-300ml\/","title":{"rendered":"Sesa plauk\u0173 \u0161amp\u016bnas su ry\u017eiu vandeniu ir alijo\u0161iumi, 300ml"},"content":{"rendered":"<p>Sesa \u0161amp\u016bnas su ry\u017ei\u0173 vandeniu ir alijo\u0161iumi yra nat\u016bralus produktas, skirtas \u0161velniai valyti ir dr\u0117kinti plaukus. \u0160is \u0161amp\u016bnas yra praturtintas ry\u017ei\u0173 vandeniu, kuris yra \u017einomas d\u0117l savo maitinam\u0173j\u0173 ir stiprinam\u0173j\u0173 savybi\u0173, bei alijo\u0161iumi, kuris intensyviai dr\u0117kina ir ramina galvos od\u0105. \u0160amp\u016bno sud\u0117tyje esantys nat\u016bral\u016bs ingredientai padeda palaikyti sveik\u0105 plauk\u0173 b\u016bkl\u0119, suteikiant jiems mink\u0161tumo ir blizgesio.<\/p>\n<p><strong>Savyb\u0117s:<\/strong><\/p>\n<ul>\n<li><strong>Dr\u0117kinimas ir maitinimas:<\/strong> Ry\u017ei\u0173 vanduo ir alijo\u0161ius dr\u0117kina plaukus ir galvos od\u0105, padeda i\u0161laikyti plauk\u0173 mink\u0161tum\u0105.<\/li>\n<li><strong>Plauk\u0173 stiprinimas:<\/strong> Ry\u017ei\u0173 vanduo stiprina plauk\u0173 strukt\u016br\u0105, ma\u017eina l\u016b\u017ein\u0117jim\u0105 ir plauk\u0173 slinkim\u0105.<\/li>\n<li><strong>Nat\u016bral\u016bs ingredientai:<\/strong> Be kenksming\u0173 chemini\u0173 pried\u0173, tinkamas kasdieniniam naudojimui.<\/li>\n<li><strong>Raminamasis poveikis:<\/strong> Alijo\u0161ius ramina sudirgusi\u0105 galvos od\u0105 ir skatina sveik\u0105 plauk\u0173 augim\u0105.<\/li>\n<li><strong>Sveikas blizgesys:<\/strong> Suteikia plaukams nat\u016bral\u0173 blizges\u012f ir gyvybingum\u0105.<\/li>\n<\/ul>\n<p><strong>Naudojimo instrukcijos:<\/strong><\/p>\n<p>Sudr\u0117kinkite plaukus \u0161iltu vandeniu. Paimkite nedidel\u012f kiek\u012f \u0161amp\u016bno ir tolygiai paskirstykite ant dr\u0117gn\u0173 plauk\u0173 ir galvos odos. \u0160velniai masa\u017euokite galvos od\u0105 sukamaisiais judesiais, kol susidarys putos. Gerai i\u0161skalaukite plaukus \u0161iltu vandeniu. Pakartokite, jei reikia. Naudokite \u0161amp\u016bn\u0105 reguliariai, siekiant geriausi\u0173 rezultat\u0173.<\/p>\n","protected":false},"excerpt":{"rendered":"<p>\u0160is ry\u017ei\u0173 vandens \u0161amp\u016bnas yra \u0161velnus \u0161amp\u016bnas su Ajurvedos \u017eolel\u0117mis, specialiai sukurtas \u0161iurk\u0161tiems, l\u016b\u017ein\u0117jantiems plaukams. Tinka vis\u0173 tip\u0173 plaukams, 100% nat\u016brali\u0173 veikli\u0173j\u0173 med\u017eiag\u0173 pagrindu pagaminta formul\u0117 be sulfat\u0173, paraben\u0173, silikon\u0173 ir dirbtini\u0173 da\u017eikli\u0173.<\/p>\n","protected":false},"featured_media":16374,"comment_status":"open","ping_status":"closed","template":"","meta":[],"product_brand":[],"product_cat":[103],"product_tag":[],"class_list":{"0":"post-16373","1":"product","2":"type-product","3":"status-publish","4":"has-post-thumbnail","6":"product_cat-ajurvediniai-sampunai","8":"first","9":"outofstock","10":"shipping-taxable","11":"purchasable","12":"product-type-simple"},"_links":{"self":[{"href":"https:\/\/ajur.lt\/index.php\/wp-json\/wp\/v2\/product\/16373","targetHints":{"allow":["GET"]}}],"collection":[{"href":"https:\/\/ajur.lt\/index.php\/wp-json\/wp\/v2\/product"}],"about":[{"href":"https:\/\/ajur.lt\/index.php\/wp-json\/wp\/v2\/types\/product"}],"replies":[{"embeddable":true,"href":"https:\/\/ajur.lt\/index.php\/wp-json\/wp\/v2\/comments?post=16373"}],"version-history":[{"count":7,"href":"https:\/\/ajur.lt\/index.php\/wp-json\/wp\/v2\/product\/16373\/revisions"}],"predecessor-version":[{"id":16461,"href":"https:\/\/ajur.lt\/index.php\/wp-json\/wp\/v2\/product\/16373\/revisions\/16461"}],"wp:featuredmedia":[{"embeddable":true,"href":"https:\/\/ajur.lt\/index.php\/wp-json\/wp\/v2\/media\/16374"}],"wp:attachment":[{"href":"https:\/\/ajur.lt\/index.php\/wp-json\/wp\/v2\/media?parent=16373"}],"wp:term":[{"taxonomy":"product_brand","embeddable":true,"href":"https:\/\/ajur.lt\/index.php\/wp-json\/wp\/v2\/product_brand?post=16373"},{"taxonomy":"product_cat","embeddable":true,"href":"https:\/\/ajur.lt\/index.php\/wp-json\/wp\/v2\/product_cat?post=16373"},{"taxonomy":"product_tag","embeddable":true,"href":"https:\/\/ajur.lt\/index.php\/wp-json\/wp\/v2\/product_tag?post=16373"}],"curies":[{"name":"wp","href":"https:\/\/api.w.org\/{rel}","templated":true}]}}