{"id":16381,"date":"2024-04-08T13:42:28","date_gmt":"2024-04-08T13:42:28","guid":{"rendered":"https:\/\/ajur.lt\/?post_type=product&#038;p=16381"},"modified":"2024-06-17T13:51:20","modified_gmt":"2024-06-17T13:51:20","slug":"dantu-pasta-dabur-red-100g","status":"publish","type":"product","link":"https:\/\/ajur.lt\/index.php\/product\/dantu-pasta-dabur-red-100g\/","title":{"rendered":"Dant\u0173 pasta DABUR RED, 100g"},"content":{"rendered":"<p>DABUR RED dant\u0173 pasta yra unikalus produktas, derinantis tradicin\u0119 Indijos medicin\u0105 ir moderni\u0105 moksl\u0105. \u0160i pasta, sukurta i\u0161 13 aktyvi\u0173 ajurvedini\u0173 ingredient\u0173, efektyviai palaiko burnos higien\u0105, sveikus dantis ir dantenas. DABUR RED pasta ypa\u010d tinka spr\u0119sti tokias problemas kaip danten\u0173 u\u017edegimas, kraujavimas ir dant\u0173 skausmas.<\/p>\n<p><strong>Savyb\u0117s:<\/strong><\/p>\n<ul>\n<li><strong>Antibakterinis poveikis:<\/strong> Gvazdik\u0117li\u0173 aliejus, turintis pagrindin\u012f komponent\u0105 eugenol\u012f, veiksmingai kovoja su bakterijomis, ma\u017eina dant\u0173 skausm\u0105 ir veikia kaip prie\u0161 karies\u0105 agentas.<\/li>\n<li><strong>Prie\u0161u\u017edegiminis poveikis:<\/strong> Kamparas ma\u017eina danten\u0173 u\u017edegim\u0105 ir jautrum\u0105.<\/li>\n<li><strong>Gilus valymas:<\/strong> Laung ir Kali Mirch padeda suma\u017einti dant\u0173 skausm\u0105 ir u\u017etikrina gil\u0173 dant\u0173 valym\u0105.<\/li>\n<li><strong>Kraujavimo prevencija:<\/strong> Gairika padeda nuraminti kraujuojan\u010dias dantenas ir gydyti burnos opas.<\/li>\n<li><strong>Plok\u0161tel\u0117s ir karieso prevencija:<\/strong> Ingredient\u0173 derinys veiksmingai kovoja su plok\u0161tel\u0117s kaupimu ir danten\u0173 u\u017edegimu.<\/li>\n<\/ul>\n<p><strong>Naudojimo instrukcijos:<\/strong><\/p>\n<p>I\u0161spauskite nedidel\u012f kiek\u012f pastos ant dant\u0173 \u0161epet\u0117lio. Naudokite mink\u0161t\u0105 arba vidutinio kietumo dant\u0173 \u0161epet\u0117l\u012f ir \u0161velniai valykite dantis ma\u017eiausiai 2 minutes, ypating\u0105 d\u0117mes\u012f skiriant danten\u0173 linijai. Po valymo gerai i\u0161skalaukite burn\u0105 vandeniu. Naudokite produkt\u0105 bent du kartus per dien\u0105 \u2013 ryte ir vakare.<\/p>\n<p><strong>Patarimai:<\/strong><\/p>\n<p>Siekiant geriausi\u0173 rezultat\u0173, rekomenduojama naudoti kartu su DABUR burnos skalavimo skys\u010diu ir dant\u0173 \u0161epet\u0117liu. Laikykite v\u0117sioje, sausoje vietoje, atokiau nuo saul\u0117s spinduli\u0173. Vaikams iki 6 met\u0173 naudoti pri\u017ei\u016brint suaugusiam ir naudoti nedidel\u012f kiek\u012f.<\/p>\n","protected":false},"excerpt":{"rendered":"<h5>Dant\u0173 pasta DABUR RED, 100 g<\/h5>\n<p>DABUR RED dant\u0173 pasta su 13 aktyvi\u0173 ajurvedini\u0173 ingredient\u0173 efektyviai palaiko burnos higien\u0105, ma\u017eina danten\u0173 u\u017edegim\u0105 ir kraujavim\u0105, bei suteikia dantims nat\u016bral\u0173 blizges\u012f. Nat\u016brali sud\u0117tis u\u017etikrina \u0161varius ir sveikus dantis, tinkama kasdieniam naudojimu<\/p>\n","protected":false},"featured_media":16382,"comment_status":"closed","ping_status":"closed","template":"","meta":[],"product_brand":[],"product_cat":[104],"product_tag":[],"class_list":{"0":"post-16381","1":"product","2":"type-product","3":"status-publish","4":"has-post-thumbnail","6":"product_cat-dantu-pastos","8":"first","9":"instock","10":"shipping-taxable","11":"purchasable","12":"product-type-simple"},"_links":{"self":[{"href":"https:\/\/ajur.lt\/index.php\/wp-json\/wp\/v2\/product\/16381","targetHints":{"allow":["GET"]}}],"collection":[{"href":"https:\/\/ajur.lt\/index.php\/wp-json\/wp\/v2\/product"}],"about":[{"href":"https:\/\/ajur.lt\/index.php\/wp-json\/wp\/v2\/types\/product"}],"replies":[{"embeddable":true,"href":"https:\/\/ajur.lt\/index.php\/wp-json\/wp\/v2\/comments?post=16381"}],"version-history":[{"count":3,"href":"https:\/\/ajur.lt\/index.php\/wp-json\/wp\/v2\/product\/16381\/revisions"}],"predecessor-version":[{"id":16487,"href":"https:\/\/ajur.lt\/index.php\/wp-json\/wp\/v2\/product\/16381\/revisions\/16487"}],"wp:featuredmedia":[{"embeddable":true,"href":"https:\/\/ajur.lt\/index.php\/wp-json\/wp\/v2\/media\/16382"}],"wp:attachment":[{"href":"https:\/\/ajur.lt\/index.php\/wp-json\/wp\/v2\/media?parent=16381"}],"wp:term":[{"taxonomy":"product_brand","embeddable":true,"href":"https:\/\/ajur.lt\/index.php\/wp-json\/wp\/v2\/product_brand?post=16381"},{"taxonomy":"product_cat","embeddable":true,"href":"https:\/\/ajur.lt\/index.php\/wp-json\/wp\/v2\/product_cat?post=16381"},{"taxonomy":"product_tag","embeddable":true,"href":"https:\/\/ajur.lt\/index.php\/wp-json\/wp\/v2\/product_tag?post=16381"}],"curies":[{"name":"wp","href":"https:\/\/api.w.org\/{rel}","templated":true}]}}