{"id":16394,"date":"2024-04-08T13:51:37","date_gmt":"2024-04-08T13:51:37","guid":{"rendered":"https:\/\/ajur.lt\/?post_type=product&#038;p=16394"},"modified":"2024-06-18T15:41:09","modified_gmt":"2024-06-18T15:41:09","slug":"dantu-pasta-dabur-aloe-vera-su-ekologiskais-alavijais-100ml","status":"publish","type":"product","link":"https:\/\/ajur.lt\/index.php\/product\/dantu-pasta-dabur-aloe-vera-su-ekologiskais-alavijais-100ml\/","title":{"rendered":"Dant\u0173 pasta DABUR ALOE VERA, 100ml"},"content":{"rendered":"<p>DABUR ALOE VERA dant\u0173 pasta yra nat\u016bralus ir \u0161velnus produktas, praturtintas ekologi\u0161kais alavijo ekstraktais. Alavijas yra \u017einomas d\u0117l savo raminan\u010di\u0173 ir gydom\u0173j\u0173 savybi\u0173, kurios padeda i\u0161laikyti sveik\u0105 burnos ertm\u0119 ir dantenas. \u0160i dant\u0173 pasta efektyviai valo dantis, apsaugo nuo ertmi\u0173 ir suteikia ilgalaik\u012f gaivumo poj\u016bt\u012f.<\/p>\n<p><strong>Savyb\u0117s:<\/strong><\/p>\n<ul>\n<li><strong>Raminantis poveikis:<\/strong> Alavijo ekstraktas ramina ir gydo jautrias dantenas.<\/li>\n<li><strong>Antibakterinis poveikis:<\/strong> Apsaugo nuo bakterij\u0173, sukelian\u010di\u0173 dant\u0173 \u0117duon\u012f ir danten\u0173 ligas.<\/li>\n<li><strong>Nat\u016brali sud\u0117tis:<\/strong> Be kenksming\u0173 chemini\u0173 pried\u0173, toki\u0173 kaip fluoras, parabenai ar dirbtiniai da\u017eikliai.<\/li>\n<li><strong>Gaivumas:<\/strong> Suteikia ilgalaik\u012f gaiv\u0173 kvap\u0105 ir \u0161varumo poj\u016bt\u012f.<\/li>\n<li><strong>Ekologi\u0161ki ingredientai:<\/strong> Sud\u0117tyje esantys ingredientai yra ekologi\u0161ki ir saug\u016bs naudoti kasdien.<\/li>\n<\/ul>\n<p><strong>Naudojimo instrukcijos:<\/strong><\/p>\n<p>I\u0161spauskite nedidel\u012f kiek\u012f pastos ant dant\u0173 \u0161epet\u0117lio. Naudokite mink\u0161t\u0105 arba vidutinio kietumo dant\u0173 \u0161epet\u0117l\u012f ir \u0161velniai valykite dantis ma\u017eiausiai 2 minutes, ypating\u0105 d\u0117mes\u012f skiriant danten\u0173 linijai. Po valymo gerai i\u0161skalaukite burn\u0105 vandeniu. Naudokite produkt\u0105 bent du kartus per dien\u0105 \u2013 ryte ir vakare.<\/p>\n","protected":false},"excerpt":{"rendered":"<h5>Ajurvedin\u0117 dant\u0173 pasta DABUR ALOE VERA su ekologi\u0161kais alavijais<\/h5>\n<p>DABUR ALOE VERA dant\u0173 pasta su ekologi\u0161ku alavijo ekstraktu ramina ir gydo dantenas, apsaugo nuo bakterij\u0173 ir suteikia ilgalaik\u012f gaivumo poj\u016bt\u012f. Nat\u016brali sud\u0117tis u\u017etikrina \u0161varius ir sveikus dantis, tinkama kasdieniam naudojimui.<\/p>\n","protected":false},"featured_media":16395,"comment_status":"closed","ping_status":"closed","template":"","meta":[],"product_brand":[],"product_cat":[104],"product_tag":[],"class_list":{"0":"post-16394","1":"product","2":"type-product","3":"status-publish","4":"has-post-thumbnail","6":"product_cat-dantu-pastos","8":"first","9":"instock","10":"shipping-taxable","11":"purchasable","12":"product-type-simple"},"_links":{"self":[{"href":"https:\/\/ajur.lt\/index.php\/wp-json\/wp\/v2\/product\/16394","targetHints":{"allow":["GET"]}}],"collection":[{"href":"https:\/\/ajur.lt\/index.php\/wp-json\/wp\/v2\/product"}],"about":[{"href":"https:\/\/ajur.lt\/index.php\/wp-json\/wp\/v2\/types\/product"}],"replies":[{"embeddable":true,"href":"https:\/\/ajur.lt\/index.php\/wp-json\/wp\/v2\/comments?post=16394"}],"version-history":[{"count":5,"href":"https:\/\/ajur.lt\/index.php\/wp-json\/wp\/v2\/product\/16394\/revisions"}],"predecessor-version":[{"id":16502,"href":"https:\/\/ajur.lt\/index.php\/wp-json\/wp\/v2\/product\/16394\/revisions\/16502"}],"wp:featuredmedia":[{"embeddable":true,"href":"https:\/\/ajur.lt\/index.php\/wp-json\/wp\/v2\/media\/16395"}],"wp:attachment":[{"href":"https:\/\/ajur.lt\/index.php\/wp-json\/wp\/v2\/media?parent=16394"}],"wp:term":[{"taxonomy":"product_brand","embeddable":true,"href":"https:\/\/ajur.lt\/index.php\/wp-json\/wp\/v2\/product_brand?post=16394"},{"taxonomy":"product_cat","embeddable":true,"href":"https:\/\/ajur.lt\/index.php\/wp-json\/wp\/v2\/product_cat?post=16394"},{"taxonomy":"product_tag","embeddable":true,"href":"https:\/\/ajur.lt\/index.php\/wp-json\/wp\/v2\/product_tag?post=16394"}],"curies":[{"name":"wp","href":"https:\/\/api.w.org\/{rel}","templated":true}]}}