{"id":16400,"date":"2024-04-09T13:16:06","date_gmt":"2024-04-09T13:16:06","guid":{"rendered":"https:\/\/ajur.lt\/?post_type=product&#038;p=16400"},"modified":"2025-04-10T10:20:38","modified_gmt":"2025-04-10T10:20:38","slug":"dantu-pasta-dabur-meswak-200ml","status":"publish","type":"product","link":"https:\/\/ajur.lt\/index.php\/product\/dantu-pasta-dabur-meswak-200ml\/","title":{"rendered":"Dant\u0173 pasta Dabur MESWAK, 200ml"},"content":{"rendered":"<p>Meswak gaminamas i\u0161 retos \u017eol\u0117s, kuri auga l\u0117tai, atsispirdama \u017eiaurioms gamtos j\u0117goms tarp Afrikos ir Piet\u0173 Azijos sm\u0117lio kop\u0173. Net nedidel\u0117 \u0161ios \u017eol\u0117s dalis gali u\u017etikrinti visapusi\u0161k\u0105 burnos prie\u017ei\u016br\u0105. Dabur atne\u0161a jums \u0161i\u0105 \u017eol\u0119 ne\u012ftik\u0117tino pavidalo<\/p>\n<p>Naudoti burnos ertm\u0117s prie\u017ei\u016brai 2 kartus per dien\u0105. Ant \u0161epet\u0117lio reikia i\u0161spausti \u017eirnio dyd\u017eio kaubur\u0117l\u012f.<\/p>\n<div class=\"prop_spacer\"><\/div>\n","protected":false},"excerpt":{"rendered":"<p>Meswak gaminamas i\u0161 retos \u017eol\u0117s, kuri auga l\u0117tai, atsispirdama \u017eiaurioms gamtos j\u0117goms tarp Afrikos ir Piet\u0173 Azijos sm\u0117lio kop\u0173. Net nedidel\u0117 \u0161ios \u017eol\u0117s dalis gali u\u017etikrinti visapusi\u0161k\u0105 burnos prie\u017ei\u016br\u0105. Dabur atne\u0161a jums \u0161i\u0105 \u017eol\u0119 ne\u012ftik\u0117tino pavidalo<\/p>\n","protected":false},"featured_media":16401,"comment_status":"closed","ping_status":"closed","template":"","meta":[],"product_brand":[],"product_cat":[104],"product_tag":[],"class_list":{"0":"post-16400","1":"product","2":"type-product","3":"status-publish","4":"has-post-thumbnail","6":"product_cat-dantu-pastos","8":"first","9":"onbackorder","10":"shipping-taxable","11":"purchasable","12":"product-type-simple"},"_links":{"self":[{"href":"https:\/\/ajur.lt\/index.php\/wp-json\/wp\/v2\/product\/16400","targetHints":{"allow":["GET"]}}],"collection":[{"href":"https:\/\/ajur.lt\/index.php\/wp-json\/wp\/v2\/product"}],"about":[{"href":"https:\/\/ajur.lt\/index.php\/wp-json\/wp\/v2\/types\/product"}],"replies":[{"embeddable":true,"href":"https:\/\/ajur.lt\/index.php\/wp-json\/wp\/v2\/comments?post=16400"}],"version-history":[{"count":3,"href":"https:\/\/ajur.lt\/index.php\/wp-json\/wp\/v2\/product\/16400\/revisions"}],"predecessor-version":[{"id":16403,"href":"https:\/\/ajur.lt\/index.php\/wp-json\/wp\/v2\/product\/16400\/revisions\/16403"}],"wp:featuredmedia":[{"embeddable":true,"href":"https:\/\/ajur.lt\/index.php\/wp-json\/wp\/v2\/media\/16401"}],"wp:attachment":[{"href":"https:\/\/ajur.lt\/index.php\/wp-json\/wp\/v2\/media?parent=16400"}],"wp:term":[{"taxonomy":"product_brand","embeddable":true,"href":"https:\/\/ajur.lt\/index.php\/wp-json\/wp\/v2\/product_brand?post=16400"},{"taxonomy":"product_cat","embeddable":true,"href":"https:\/\/ajur.lt\/index.php\/wp-json\/wp\/v2\/product_cat?post=16400"},{"taxonomy":"product_tag","embeddable":true,"href":"https:\/\/ajur.lt\/index.php\/wp-json\/wp\/v2\/product_tag?post=16400"}],"curies":[{"name":"wp","href":"https:\/\/api.w.org\/{rel}","templated":true}]}}