{"id":16405,"date":"2024-04-09T13:29:05","date_gmt":"2024-04-09T13:29:05","guid":{"rendered":"https:\/\/ajur.lt\/?post_type=product&#038;p=16405"},"modified":"2026-01-13T12:45:43","modified_gmt":"2026-01-13T12:45:43","slug":"dantu-pasta-dabur-ayurvedic-100ml","status":"publish","type":"product","link":"https:\/\/ajur.lt\/index.php\/product\/dantu-pasta-dabur-ayurvedic-100ml\/","title":{"rendered":"Dant\u0173 pasta DABUR AYURVEDIC, 100ml"},"content":{"rendered":"<p>I\u0161 Ajurvedos kilusi Dabur Herbal Complete Care Ajurvedin\u0117 dant\u0173 pasta, specialiai sukurta naudojant stipr\u0173 26 Auyrvedos \u017eoleli\u0173 mi\u0161in\u012f.\u00a0 I\u0161skirtin\u0117s sudedamosios dalys:<\/p>\n<ul>\n<li>GVAZDIK\u0116LIAI<\/li>\n<li>INDINIS NIMBAMEDIS<\/li>\n<li>M\u0116TA<\/li>\n<\/ul>\n<p>Laikykite v\u0117sioje ir sausoje vietoje.<\/p>\n<p>Naudoti burnos ertm\u0117s prie\u017ei\u016brai 2 kartus per dien\u0105. Ant \u0161epet\u0117lio reikia i\u0161spausti \u017eirnio dyd\u017eio kaubur\u0117l\u012f.<\/p>\n<div class=\"prop_spacer\">Sud\u0117tis: Calcium carbonate, Aqua, Glycerin, Silica, Sodium Coco-sulfate, Aroma (Mint Flavour), Herbal Extract (derived from : Glycyrrhiza glabra (Mulathee) root, Trachyspermum ammi (Ajwain) fruit, Acacia arabica (Babul) stem bark, Rubia cordifolia (Manjistha) stem, Cinnamomum zeylanicum (Dalchini) bark, Acacia catechu (Khair) wood, Caesalpinia sappan (Patang) stem, Piper cubeba (Kababchini) fruit, Eugenia cumini (Jambhul) stem bark, Quercus infectoria (Mayphal) Gall, Ziziphus Jujuba (Ber) bark, Barleria prionitis (Vajradanti) bark, Zanthoxylum alatum (Tejbal) fruit, Eugenia caryophyllus (Lavang) bud, Hemidesmus indicus (Anantmool) root, Mimusops elengi (Bakul) flower, Terminalia bellerica (Baheda) fruit, Punica granatum (Dalim) fruit, Salvadora persica (Peelu) root, Anacyclus pyrethrum (Akarkara) root, Azadirachta indica (Neem) bark, Piper nigrum (Maricha) fruit, Piper longum (Pippali) fruit, Zingiber officinale (Sunthi) rhizome, Juglans regia (Akhrot) shell, Prunus amygdalus dulcis (Badam) shell)), Xanthan gum, Sodium silicate, Sodium bicarbonate, Sodium benzoate, Sodium saccharin, Propylene glycol, Benzylalcohol,Cinnamal, Eugenol<\/div>\n","protected":false},"excerpt":{"rendered":"<p>Meswak gaminamas i\u0161 retos \u017eol\u0117s, kuri auga l\u0117tai, atsispirdama \u017eiaurioms gamtos j\u0117goms tarp Afrikos ir Piet\u0173 Azijos sm\u0117lio kop\u0173. Net nedidel\u0117 \u0161ios \u017eol\u0117s dalis gali u\u017etikrinti visapusi\u0161k\u0105 burnos prie\u017ei\u016br\u0105. Dabur atne\u0161a jums \u0161i\u0105 \u017eol\u0119 ne\u012ftik\u0117tino pavidalo<\/p>\n","protected":false},"featured_media":16406,"comment_status":"closed","ping_status":"closed","template":"","meta":[],"product_brand":[],"product_cat":[104],"product_tag":[],"class_list":{"0":"post-16405","1":"product","2":"type-product","3":"status-publish","4":"has-post-thumbnail","6":"product_cat-dantu-pastos","8":"first","9":"onbackorder","10":"shipping-taxable","11":"purchasable","12":"product-type-simple"},"_links":{"self":[{"href":"https:\/\/ajur.lt\/index.php\/wp-json\/wp\/v2\/product\/16405","targetHints":{"allow":["GET"]}}],"collection":[{"href":"https:\/\/ajur.lt\/index.php\/wp-json\/wp\/v2\/product"}],"about":[{"href":"https:\/\/ajur.lt\/index.php\/wp-json\/wp\/v2\/types\/product"}],"replies":[{"embeddable":true,"href":"https:\/\/ajur.lt\/index.php\/wp-json\/wp\/v2\/comments?post=16405"}],"version-history":[{"count":2,"href":"https:\/\/ajur.lt\/index.php\/wp-json\/wp\/v2\/product\/16405\/revisions"}],"predecessor-version":[{"id":16408,"href":"https:\/\/ajur.lt\/index.php\/wp-json\/wp\/v2\/product\/16405\/revisions\/16408"}],"wp:featuredmedia":[{"embeddable":true,"href":"https:\/\/ajur.lt\/index.php\/wp-json\/wp\/v2\/media\/16406"}],"wp:attachment":[{"href":"https:\/\/ajur.lt\/index.php\/wp-json\/wp\/v2\/media?parent=16405"}],"wp:term":[{"taxonomy":"product_brand","embeddable":true,"href":"https:\/\/ajur.lt\/index.php\/wp-json\/wp\/v2\/product_brand?post=16405"},{"taxonomy":"product_cat","embeddable":true,"href":"https:\/\/ajur.lt\/index.php\/wp-json\/wp\/v2\/product_cat?post=16405"},{"taxonomy":"product_tag","embeddable":true,"href":"https:\/\/ajur.lt\/index.php\/wp-json\/wp\/v2\/product_tag?post=16405"}],"curies":[{"name":"wp","href":"https:\/\/api.w.org\/{rel}","templated":true}]}}