{"id":16422,"date":"2024-04-09T13:53:12","date_gmt":"2024-04-09T13:53:12","guid":{"rendered":"https:\/\/ajur.lt\/?post_type=product&#038;p=16422"},"modified":"2024-07-04T10:29:08","modified_gmt":"2024-07-04T10:29:08","slug":"muilas-mysore-sandal-75ml","status":"publish","type":"product","link":"https:\/\/ajur.lt\/index.php\/product\/muilas-mysore-sandal-75ml\/","title":{"rendered":"Muilas Mysore sandal, 75 ml"},"content":{"rendered":"<p>I\u0161 augalini\u0173 aliej\u0173 pagamintas Mysore Sandal muilas, kurio sud\u0117tyje yra gryno nat\u016bralaus Mysore sandalmed\u017eio aliejaus, odos prie\u017ei\u016bros kondicionieri\u0173 ir dr\u0117kikli\u0173. Sandalmed\u017eio aliejus &#8211; gamtos dovana, skleid\u017eianti ilgai i\u0161liekant\u012f aromat\u0105, i\u0161laikanti j\u016bs\u0173 od\u0105 \u0161vytin\u010di\u0105, \u0161velni\u0105, be d\u0117mi\u0173, am\u017einai jaun\u0105 ir gra\u017ei\u0105.<\/p>\n<p>&nbsp;<\/p>\n","protected":false},"excerpt":{"rendered":"<p>I\u0161 augalini\u0173 aliej\u0173 pagamintas Mysore Sandal muilas, kurio sud\u0117tyje yra gryno nat\u016bralaus Mysore sandalmed\u017eio aliejaus, odos prie\u017ei\u016bros kondicionieri\u0173 ir dr\u0117kikli\u0173. Sandalmed\u017eio aliejus &#8211; gamtos dovana, skleid\u017eianti ilgai i\u0161liekant\u012f aromat\u0105, i\u0161laikanti j\u016bs\u0173 od\u0105 \u0161vytin\u010di\u0105, \u0161velni\u0105, be d\u0117mi\u0173, am\u017einai jaun\u0105 ir gra\u017ei\u0105.<\/p>\n","protected":false},"featured_media":16423,"comment_status":"closed","ping_status":"closed","template":"","meta":[],"product_brand":[],"product_cat":[20],"product_tag":[],"class_list":{"0":"post-16422","1":"product","2":"type-product","3":"status-publish","4":"has-post-thumbnail","6":"product_cat-maistas-prieskoniai","8":"first","9":"outofstock","10":"shipping-taxable","11":"product-type-simple"},"_links":{"self":[{"href":"https:\/\/ajur.lt\/index.php\/wp-json\/wp\/v2\/product\/16422","targetHints":{"allow":["GET"]}}],"collection":[{"href":"https:\/\/ajur.lt\/index.php\/wp-json\/wp\/v2\/product"}],"about":[{"href":"https:\/\/ajur.lt\/index.php\/wp-json\/wp\/v2\/types\/product"}],"replies":[{"embeddable":true,"href":"https:\/\/ajur.lt\/index.php\/wp-json\/wp\/v2\/comments?post=16422"}],"version-history":[{"count":2,"href":"https:\/\/ajur.lt\/index.php\/wp-json\/wp\/v2\/product\/16422\/revisions"}],"predecessor-version":[{"id":16612,"href":"https:\/\/ajur.lt\/index.php\/wp-json\/wp\/v2\/product\/16422\/revisions\/16612"}],"wp:featuredmedia":[{"embeddable":true,"href":"https:\/\/ajur.lt\/index.php\/wp-json\/wp\/v2\/media\/16423"}],"wp:attachment":[{"href":"https:\/\/ajur.lt\/index.php\/wp-json\/wp\/v2\/media?parent=16422"}],"wp:term":[{"taxonomy":"product_brand","embeddable":true,"href":"https:\/\/ajur.lt\/index.php\/wp-json\/wp\/v2\/product_brand?post=16422"},{"taxonomy":"product_cat","embeddable":true,"href":"https:\/\/ajur.lt\/index.php\/wp-json\/wp\/v2\/product_cat?post=16422"},{"taxonomy":"product_tag","embeddable":true,"href":"https:\/\/ajur.lt\/index.php\/wp-json\/wp\/v2\/product_tag?post=16422"}],"curies":[{"name":"wp","href":"https:\/\/api.w.org\/{rel}","templated":true}]}}