{"id":16464,"date":"2024-06-17T11:49:35","date_gmt":"2024-06-17T11:49:35","guid":{"rendered":"https:\/\/ajur.lt\/?post_type=product&#038;p=16464"},"modified":"2024-07-04T09:48:33","modified_gmt":"2024-07-04T09:48:33","slug":"plauku-aliejus-dabur-amla-100ml","status":"publish","type":"product","link":"https:\/\/ajur.lt\/index.php\/product\/plauku-aliejus-dabur-amla-100ml\/","title":{"rendered":"Plauk\u0173 aliejus Dabur Amla, 100 ml"},"content":{"rendered":"<p>Dabur Amla plauk\u0173 aliejus yra nat\u016bralus produktas, praturtintas amlos (indi\u0161kosios agrast\u0173) ekstraktu. \u0160is aliejus yra \u017einomas d\u0117l savo geb\u0117jimo stiprinti plaukus nuo \u0161akn\u0173 iki galiuk\u0173, skatinti sveik\u0105 plauk\u0173 augim\u0105 ir suteikti jiems nat\u016bral\u0173 blizges\u012f. Amla yra gausi vitaminu C ir antioksidantais, kurie padeda apsaugoti plaukus nuo aplinkos \u017ealingo poveikio ir prie\u0161laikinio sen\u0117jimo.<\/p>\n<p><strong>Savyb\u0117s:<\/strong><\/p>\n<ul>\n<li><strong>Plauk\u0173 stiprinimas:<\/strong> Stiprina plauk\u0173 \u0161aknis, ma\u017eina plauk\u0173 slinkim\u0105 ir l\u016b\u017ein\u0117jim\u0105.<\/li>\n<li><strong>Sveikas augimas:<\/strong> Skatina sveik\u0105 ir greitesn\u012f plauk\u0173 augim\u0105.<\/li>\n<li><strong>Nat\u016bralus blizgesys:<\/strong> Suteikia plaukams nat\u016bral\u0173 blizges\u012f ir gyvybingum\u0105.<\/li>\n<li><strong>Antioksidacin\u0117s savyb\u0117s:<\/strong> Apsaugo plaukus nuo aplinkos \u017ealingo poveikio.<\/li>\n<li><strong>Maitinimas:<\/strong> Giliai maitina ir dr\u0117kina plaukus, i\u0161laikant juos mink\u0161tus ir elastingus.<\/li>\n<\/ul>\n<p><strong>Naudojimo instrukcijos:<\/strong><\/p>\n<p>U\u017etepkite nedidel\u012f kiek\u012f aliejaus ant deln\u0173. \u0160velniai \u012fmasa\u017euokite aliej\u0173 \u012f galvos od\u0105, tolygiai paskirstykite per vis\u0105 plauk\u0173 ilg\u012f. Palikite aliej\u0173 veikti bent 30 minu\u010di\u0173 arba per nakt\u012f geresniam rezultatui. Nuplaukite plaukus \u0161amp\u016bnu ir gerai i\u0161skalaukite vandeniu. Naudokite aliej\u0173 1-2 kartus per savait\u0119, siekiant geriausi\u0173 rezultat\u0173.<\/p>\n<p>Ingredientai: Vegetable oil, Mineral oil, Extract of Indian Gooseberry (Amla), Perfume, TBHQ (Antioxidant).<\/p>\n","protected":false},"excerpt":{"rendered":"<p>Dabur Amla plauk\u0173 aliejus su amlos ekstraktu stiprina plauk\u0173 \u0161aknis, skatina sveik\u0105 plauk\u0173 augim\u0105 ir suteikia plaukams nat\u016bral\u0173 blizges\u012f. Giliai maitina ir dr\u0117kina plaukus, i\u0161laikant juos mink\u0161tus ir elastingus. Nat\u016brali sud\u0117tis, tinkamas reguliariam naudojimui.<\/p>\n","protected":false},"featured_media":15640,"comment_status":"open","ping_status":"closed","template":"","meta":[],"product_brand":[],"product_cat":[102],"product_tag":[],"class_list":{"0":"post-16464","1":"product","2":"type-product","3":"status-publish","4":"has-post-thumbnail","6":"product_cat-plauku-aliejai","8":"first","9":"onbackorder","10":"shipping-taxable","11":"product-type-simple"},"_links":{"self":[{"href":"https:\/\/ajur.lt\/index.php\/wp-json\/wp\/v2\/product\/16464","targetHints":{"allow":["GET"]}}],"collection":[{"href":"https:\/\/ajur.lt\/index.php\/wp-json\/wp\/v2\/product"}],"about":[{"href":"https:\/\/ajur.lt\/index.php\/wp-json\/wp\/v2\/types\/product"}],"replies":[{"embeddable":true,"href":"https:\/\/ajur.lt\/index.php\/wp-json\/wp\/v2\/comments?post=16464"}],"version-history":[{"count":2,"href":"https:\/\/ajur.lt\/index.php\/wp-json\/wp\/v2\/product\/16464\/revisions"}],"predecessor-version":[{"id":16608,"href":"https:\/\/ajur.lt\/index.php\/wp-json\/wp\/v2\/product\/16464\/revisions\/16608"}],"wp:featuredmedia":[{"embeddable":true,"href":"https:\/\/ajur.lt\/index.php\/wp-json\/wp\/v2\/media\/15640"}],"wp:attachment":[{"href":"https:\/\/ajur.lt\/index.php\/wp-json\/wp\/v2\/media?parent=16464"}],"wp:term":[{"taxonomy":"product_brand","embeddable":true,"href":"https:\/\/ajur.lt\/index.php\/wp-json\/wp\/v2\/product_brand?post=16464"},{"taxonomy":"product_cat","embeddable":true,"href":"https:\/\/ajur.lt\/index.php\/wp-json\/wp\/v2\/product_cat?post=16464"},{"taxonomy":"product_tag","embeddable":true,"href":"https:\/\/ajur.lt\/index.php\/wp-json\/wp\/v2\/product_tag?post=16464"}],"curies":[{"name":"wp","href":"https:\/\/api.w.org\/{rel}","templated":true}]}}