{"id":16532,"date":"2024-06-18T18:10:55","date_gmt":"2024-06-18T18:10:55","guid":{"rendered":"https:\/\/ajur.lt\/?post_type=product&#038;p=16532"},"modified":"2024-06-19T12:27:06","modified_gmt":"2024-06-19T12:27:06","slug":"pain-balm-balzamas-nuo-skausmo-himalaya-45g","status":"publish","type":"product","link":"https:\/\/ajur.lt\/index.php\/product\/pain-balm-balzamas-nuo-skausmo-himalaya-45g\/","title":{"rendered":"Pain Balm, Balzamas nuo Skausmo, Himalaya, 45 g"},"content":{"rendered":"<p>Himalaya Pain Balm yra veiksmingas balzamas, sukurtas greitai palengvinti galvos, raumen\u0173 ir s\u0105nari\u0173 skausmus. Jis praturtintas nat\u016braliais ingredientais, tokiais kaip m\u0117ta ir Gandhapura aliejus (indi\u0161kosios \u017eiemos \u017ealumos aliejus), kurie suteikia v\u0117sinant\u012f ir raminant\u012f poj\u016bt\u012f.<\/p>\n<p><strong>Savyb\u0117s:<\/strong><\/p>\n<ul>\n<li><strong>Greitas palengvinimas:<\/strong> Veiksmingai ma\u017eina galvos, raumen\u0173 ir s\u0105nari\u0173 skausmus.<\/li>\n<li><strong>Nat\u016bral\u016bs ingredientai:<\/strong> Sud\u0117tyje yra m\u0117ta ir Gandhapura aliejus, kurie ramina ir v\u0117sina.<\/li>\n<li><strong>Lengvas naudojimas:<\/strong> Lengvai tepamas ir greitai \u012fsigeria.<\/li>\n<\/ul>\n<p><strong>Naudojimo instrukcijos:<\/strong><\/p>\n<p>Masa\u017euokite balzam\u0105 ant pa\u017eeistos vietos 2-3 kartus per dien\u0105, kol jis visi\u0161kai \u012fsigers. Venkite kontakto su akimis ir gleivin\u0117mis. Naudokite tik i\u0161ori\u0161kai.<\/p>\n<p><strong>Patarimai:<\/strong><\/p>\n<ul>\n<li>Laikykite balzam\u0105 v\u0117sioje, sausoje vietoje.<\/li>\n<li>Venkite balzamo naudojimo ant atvir\u0173 \u017eaizd\u0173 ar sudirgusios odos.<\/li>\n<\/ul>\n","protected":false},"excerpt":{"rendered":"<h5>\u00a0Pain Balm Balzamas nuo skausmo<\/h5>\n<p>Himalaya Pain Balm su m\u0117ta ir Gandhapura aliejumi greitai ir veiksmingai mal\u0161ina galvos, raumen\u0173 ir s\u0105nari\u0173 skausmus. Nat\u016bral\u016bs ingredientai suteikia raminant\u012f ir v\u0117sinant\u012f poj\u016bt\u012f, tinkamas kasdieniam naudojimui.<\/p>\n","protected":false},"featured_media":16533,"comment_status":"closed","ping_status":"closed","template":"","meta":[],"product_brand":[],"product_cat":[80,71],"product_tag":[],"class_list":{"0":"post-16532","1":"product","2":"type-product","3":"status-publish","4":"has-post-thumbnail","6":"product_cat-balzamai","7":"product_cat-sveikata","9":"first","10":"instock","11":"shipping-taxable","12":"purchasable","13":"product-type-simple"},"_links":{"self":[{"href":"https:\/\/ajur.lt\/index.php\/wp-json\/wp\/v2\/product\/16532","targetHints":{"allow":["GET"]}}],"collection":[{"href":"https:\/\/ajur.lt\/index.php\/wp-json\/wp\/v2\/product"}],"about":[{"href":"https:\/\/ajur.lt\/index.php\/wp-json\/wp\/v2\/types\/product"}],"replies":[{"embeddable":true,"href":"https:\/\/ajur.lt\/index.php\/wp-json\/wp\/v2\/comments?post=16532"}],"version-history":[{"count":2,"href":"https:\/\/ajur.lt\/index.php\/wp-json\/wp\/v2\/product\/16532\/revisions"}],"predecessor-version":[{"id":16600,"href":"https:\/\/ajur.lt\/index.php\/wp-json\/wp\/v2\/product\/16532\/revisions\/16600"}],"wp:featuredmedia":[{"embeddable":true,"href":"https:\/\/ajur.lt\/index.php\/wp-json\/wp\/v2\/media\/16533"}],"wp:attachment":[{"href":"https:\/\/ajur.lt\/index.php\/wp-json\/wp\/v2\/media?parent=16532"}],"wp:term":[{"taxonomy":"product_brand","embeddable":true,"href":"https:\/\/ajur.lt\/index.php\/wp-json\/wp\/v2\/product_brand?post=16532"},{"taxonomy":"product_cat","embeddable":true,"href":"https:\/\/ajur.lt\/index.php\/wp-json\/wp\/v2\/product_cat?post=16532"},{"taxonomy":"product_tag","embeddable":true,"href":"https:\/\/ajur.lt\/index.php\/wp-json\/wp\/v2\/product_tag?post=16532"}],"curies":[{"name":"wp","href":"https:\/\/api.w.org\/{rel}","templated":true}]}}