{"id":16676,"date":"2025-04-10T11:18:07","date_gmt":"2025-04-10T11:18:07","guid":{"rendered":"https:\/\/ajur.lt\/?post_type=product&#038;p=16676"},"modified":"2026-01-13T12:44:38","modified_gmt":"2026-01-13T12:44:38","slug":"krishnas-cholesterol-care-sultys-500-ml","status":"publish","type":"product","link":"https:\/\/ajur.lt\/index.php\/product\/krishnas-cholesterol-care-sultys-500-ml\/","title":{"rendered":"Krishna&#8217;s Cholesterol Care Juice &#8211; Sultys cholesterolio kontrolei, 500 ml"},"content":{"rendered":"<p><b>Krishna&#8217;s Cholesterol Care Juice<\/b> yra ajurvedinis produktas, skirtas palaikyti \u0161irdies sveikat\u0105 ir valdyti cholesterolio lyg\u012f. \u0160is g\u0117rimas pagamintas i\u0161 nat\u016brali\u0173 ingredient\u0173, toki\u0173 kaip \u010desnako sultys, imbiero sultys, citrinos sultys, obuoli\u0173 sidro actas ir medus. \u0160ie komponentai yra \u017einomi d\u0117l savo sveikat\u0105 gerinan\u010di\u0173 savybi\u0173.<\/p>\n<p><b>Pagrindiniai privalumai:<\/b><\/p>\n<p>1.<b>Cholesterolio lygio balansavimas:<\/b> Padeda reguliuoti cholesterolio lyg\u012f, ma\u017eina &#8222;blogojo&#8221; cholesterolio kiek\u012f ir palaiko sveik\u0105 &#8222;gerojo&#8221; cholesterolio lyg\u012f.<\/p>\n<p>2.<b>Antioksidant\u0173 \u0161altinis:<\/b> D\u0117l turtingo antioksidant\u0173 kiekio, \u0161is g\u0117rimas padeda kovoti su laisvaisiais radikalais ir ma\u017eina oksidacin\u012f stres\u0105.<\/p>\n<p>3.<b>Metabolizmo ir energijos skatinimas:<\/b> Ingredientai padeda skatinti med\u017eiag\u0173 apykait\u0105, suteikiant daugiau energijos ir gerinant bendr\u0105 savijaut\u0105.<\/p>\n<p><b>Naudojimo instrukcija:\u00a0 <\/b>Vartokite po 30 ml sultinio, sumai\u0161yto su 30 ml \u0161ilto vandens, ryte tu\u0161\u010diu skrand\u017eiu ir vakare valand\u0105 po vakarien\u0117s. Reguliarus vartojimas yra rekomenduojamas siekiant geriausi\u0173 rezultat\u0173.<\/p>\n<p><b>Laikymo s\u0105lygos:<\/b>Laikyti v\u0117sioje, sausoje vietoje, toli nuo tiesiogini\u0173 saul\u0117s spinduli\u0173.<\/p>\n<p>\u0160is produktas yra pagamintas laikantis ajurvedini\u0173 princip\u0173, ir jo sud\u0117tyje yra tik nat\u016brali\u0173 ingredient\u0173, kurie yra saug\u016bs daugumai suaugusi\u0173j\u0173. Vis d\u0117lto, jei turite sveikatos problem\u0173 ar vartojate receptinius vaistus, prie\u0161 pradedant vartoti bet kokius papildus rekomenduojama pasitarti su gydytoju.<\/p>\n","protected":false},"excerpt":{"rendered":"<p><b>Krishna&#8217;s Cholesterol Care Juice<\/b> pagamintas i\u0161 nat\u016brali\u0173 ingredient\u0173, toki\u0173 kaip \u010desnako sultys, imbiero sultys, citrinos sultys, obuoli\u0173 sidro actas ir medus<\/p>\n","protected":false},"featured_media":16678,"comment_status":"closed","ping_status":"closed","template":"","meta":[],"product_brand":[],"product_cat":[145],"product_tag":[],"class_list":{"0":"post-16676","1":"product","2":"type-product","3":"status-publish","4":"has-post-thumbnail","6":"product_cat-sultys-skysti-papildai","8":"first","9":"instock","10":"shipping-taxable","11":"purchasable","12":"product-type-simple"},"_links":{"self":[{"href":"https:\/\/ajur.lt\/index.php\/wp-json\/wp\/v2\/product\/16676","targetHints":{"allow":["GET"]}}],"collection":[{"href":"https:\/\/ajur.lt\/index.php\/wp-json\/wp\/v2\/product"}],"about":[{"href":"https:\/\/ajur.lt\/index.php\/wp-json\/wp\/v2\/types\/product"}],"replies":[{"embeddable":true,"href":"https:\/\/ajur.lt\/index.php\/wp-json\/wp\/v2\/comments?post=16676"}],"version-history":[{"count":4,"href":"https:\/\/ajur.lt\/index.php\/wp-json\/wp\/v2\/product\/16676\/revisions"}],"predecessor-version":[{"id":16681,"href":"https:\/\/ajur.lt\/index.php\/wp-json\/wp\/v2\/product\/16676\/revisions\/16681"}],"wp:featuredmedia":[{"embeddable":true,"href":"https:\/\/ajur.lt\/index.php\/wp-json\/wp\/v2\/media\/16678"}],"wp:attachment":[{"href":"https:\/\/ajur.lt\/index.php\/wp-json\/wp\/v2\/media?parent=16676"}],"wp:term":[{"taxonomy":"product_brand","embeddable":true,"href":"https:\/\/ajur.lt\/index.php\/wp-json\/wp\/v2\/product_brand?post=16676"},{"taxonomy":"product_cat","embeddable":true,"href":"https:\/\/ajur.lt\/index.php\/wp-json\/wp\/v2\/product_cat?post=16676"},{"taxonomy":"product_tag","embeddable":true,"href":"https:\/\/ajur.lt\/index.php\/wp-json\/wp\/v2\/product_tag?post=16676"}],"curies":[{"name":"wp","href":"https:\/\/api.w.org\/{rel}","templated":true}]}}